{"id":368,"date":"2025-03-12T09:21:52","date_gmt":"2025-03-12T06:21:52","guid":{"rendered":"https:\/\/www.gamateks.com\/?page_id=368"},"modified":"2025-05-28T16:42:37","modified_gmt":"2025-05-28T13:42:37","slug":"machinery-line","status":"publish","type":"page","link":"https:\/\/www.gamateks.com\/de\/machinery-line\/","title":{"rendered":"Maschinenlinie"},"content":{"rendered":"<div data-elementor-type=\"wp-page\" data-elementor-id=\"368\" class=\"elementor elementor-368\">\n\t\t\t\t\t\t<section class=\"elementor-section elementor-top-section elementor-element elementor-element-3a7b140a elementor-section-full_width elementor-section-height-default elementor-section-height-default\" data-id=\"3a7b140a\" data-element_type=\"section\" data-settings=\"{&quot;background_background&quot;:&quot;gradient&quot;,&quot;profecient_background_motion_effects_toggle&quot;:0,&quot;profecient_parallax_effects_toggle&quot;:0,&quot;profecient_mouse_effects_toggle&quot;:0}\">\n\t\t\t\t\t\t<div class=\"elementor-container elementor-column-gap-default\">\n\t\t\t\t\t<div class=\"elementor-column elementor-col-100 elementor-top-column elementor-element elementor-element-3252c28d\" data-id=\"3252c28d\" data-element_type=\"column\" data-settings=\"{&quot;profecient_background_motion_effects_toggle&quot;:0,&quot;profecient_parallax_effects_toggle&quot;:0,&quot;profecient_mouse_effects_toggle&quot;:0}\">\n\t\t\t<div class=\"elementor-widget-wrap elementor-element-populated\">\n\t\t\t\t\t\t<section class=\"elementor-section elementor-inner-section elementor-element elementor-element-2efe655 elementor-section-boxed elementor-section-height-default elementor-section-height-default\" data-id=\"2efe655\" data-element_type=\"section\" data-settings=\"{&quot;profecient_background_motion_effects_toggle&quot;:0,&quot;profecient_parallax_effects_toggle&quot;:0,&quot;profecient_mouse_effects_toggle&quot;:0}\">\n\t\t\t\t\t\t<div class=\"elementor-container elementor-column-gap-default\">\n\t\t\t\t\t<div class=\"elementor-column elementor-col-100 elementor-inner-column elementor-element elementor-element-426304ba\" data-id=\"426304ba\" data-element_type=\"column\" data-settings=\"{&quot;profecient_background_motion_effects_toggle&quot;:0,&quot;profecient_parallax_effects_toggle&quot;:0,&quot;profecient_mouse_effects_toggle&quot;:0}\">\n\t\t\t<div class=\"elementor-widget-wrap elementor-element-populated\">\n\t\t\t\t\t\t<div class=\"elementor-element elementor-element-09340dd elementor-widget elementor-widget-image\" data-id=\"09340dd\" data-element_type=\"widget\" data-settings=\"{&quot;profecient_parallax_effects_toggle&quot;:0,&quot;profecient_mouse_effects_toggle&quot;:0}\" data-widget_type=\"image.default\">\n\t\t\t\t<div class=\"elementor-widget-container\">\n\t\t\t\t\t\t\t\t\t\t\t\t\t\t\t<img decoding=\"async\" src=\"https:\/\/www.gamateks.com\/wp-content\/uploads\/elementor\/thumbs\/42-scaled-e1748439238905-r6h5vjw1hai789w4tasvr8l0sf2aw7dsoj71o0btqw.jpg\" title=\"42\" alt=\"42\" loading=\"lazy\" \/>\t\t\t\t\t\t\t\t\t\t\t\t\t\t\t<\/div>\n\t\t\t\t<\/div>\n\t\t\t\t<div class=\"elementor-element elementor-element-4a0c0d1 elementor-widget elementor-widget-heading\" data-id=\"4a0c0d1\" data-element_type=\"widget\" data-settings=\"{&quot;profecient_parallax_effects_toggle&quot;:0,&quot;profecient_mouse_effects_toggle&quot;:0}\" data-widget_type=\"heading.default\">\n\t\t\t\t<div class=\"elementor-widget-container\">\n\t\t\t\t\t<h2 class=\"elementor-heading-title elementor-size-default\">Maschinenlinie<\/h2>\t\t\t\t<\/div>\n\t\t\t\t<\/div>\n\t\t\t\t<div class=\"elementor-element elementor-element-60743167 elementor-widget elementor-widget-text-editor\" data-id=\"60743167\" data-element_type=\"widget\" data-settings=\"{&quot;profecient_parallax_effects_toggle&quot;:0,&quot;profecient_mouse_effects_toggle&quot;:0}\" data-widget_type=\"text-editor.default\">\n\t\t\t\t<div class=\"elementor-widget-container\">\n\t\t\t\t\t\t\t\t\t<p class=\"p1\"><b>Strickerei<\/b><b><\/b><\/p><ul><li><p class=\"p1 translation-block\">Insgesamt 138 Rundstrickmaschinen \u2013 davon 70 in Denizli und 68 in Batman \u2013 decken Feinheiten von 18 bis 44 ab und erm\u00f6glichen die Produktion von Single Jersey, Ripp, Interlock sowie standard- oder plattierten Drei-Faden-Fleece. 20 dieser Maschinen verf\u00fcgen \u00fcber eine elektronische Jacquard-Funktion.<\/p><\/li><li><p class=\"p1 translation-block\">F\u00fcnf Karl Mayer Kettenwirkmaschinen (Velours, Abstandstextilien und Trikot) liefern j\u00e4hrlich \u00fcber 6,8 Millionen m\u00b2 Stoff.<\/p><\/li><\/ul><p class=\"p1\"><b>F\u00e4rben und Ausr\u00fcsten<\/b><b><\/b><\/p><ul><li><p class=\"p1 translation-block\">Zwei Pad-Batch-Anlagen speziell f\u00fcr Wirk- und Webstoffe; 6 Spannrahmenlinien, 1 Relax-Trockner und 1 kontinuierlicher Trommeltrockner gew\u00e4hrleisten Ma\u00dfstabilit\u00e4t.<\/p><\/li><li><p class=\"p1\"><span class=\"s1\"><b>Zwei Pad-Batch-Anlagen<\/b><\/span> f\u00fcr Strick- und Gewebeartikel; <span class=\"s1\"><b>6 Spannrahmenlinien,<\/b><\/span>1 Relax-Trockner und 1 kontinuierlicher Tumbler gew\u00e4hrleisten die Ma\u00dfstabilit\u00e4t.<\/p><\/li><li><p class=\"p1\">Mechanische &amp; chemische Ausr\u00fcstung:\n6 Nass-in-Nass-Weichmachungsanlagen,\n4 Kompaktoren (davon 2 f\u00fcr Pailletten in Breitware),\n6 Rauh- und B\u00fcrstmaschinen,\n2 Schermaschinen,\n7 Antipilling-Trockner\nund 1 Karbon-Sueding-Anlage.<\/p><\/li><\/ul><p class=\"p1\"><b>Druck und Beschichtung<\/b><b><\/b><\/p><ul><li><p class=\"p1\"><span class=\"s1\"><b>4 Rotationssiebdruckmaschinen,<\/b><\/span>, <span class=\"s1\"><b>5 hochaufl\u00f6sende digitale Tintenstrahldrucker<\/b><\/span> und <span class=\"s1\"><b>5 Sublimationstransferpressen<\/b><\/span> liefern bis zu 3,5 Millionen m\u00b2 bedruckten Stoff pro Jahr; eine automatische Pastenk\u00fcche h\u00e4lt Farbtonabweichungen unter \u00b11 g.<\/p><\/li><li><p class=\"p1\"><span class=\"s1\"><b>2 Laminierpressen verarbeiten<\/b><\/span> Ganzfl\u00e4chen- oder Panelverklebung, Folientransfer und Membranlaminate mit optional wasserabweisenden, atmungsaktiven Ausr\u00fcstungen.<span class=\"Apple-converted-space\">\u00a0 <\/span><\/p><\/li><\/ul><p class=\"p1\"><b>Vorbehandlung und Wasche<\/b><b><\/b><\/p><ul><li><p class=\"p1\">Integrierte Linien f\u00fcr Gasausr\u00fcstung, Entschlichtung, <span class=\"s1\"><b>Kaltbleiche und Mercerisation speisen 3<\/b><\/span> kontinuierliche Waschstra\u00dfen, die den Wasserverbrauch um bis zu 72 % senken.<\/p><\/li><\/ul><p class=\"p1\"><b>Qualit\u00e4t, Energie und Nachhaltigkeit<\/b><b><\/b><\/p><ul><li><p class=\"p1\"><span class=\"s1\"><b>15 Inline-Inspektions- und Verpackungsstationen<\/b><\/span> erm\u00f6glichen Echtzeit-Fehlerkartierung und automatisches Rollenverpacken.<span class=\"Apple-converted-space\">\u00a0 <\/span><\/p><\/li><li><p class=\"p1\">Eine Solaranlage auf dem <span class=\"s1\"><b>Dach liefert j\u00e4hrlich 5,5 GWh<\/b><\/span>gr\u00fcnen Strom und unterst\u00fctzt die ISO-14001- und Higg-Compliance-Ziele.<span class=\"Apple-converted-space\">\u00a0 <\/span><\/p><\/li><li><p class=\"p1\">Emissionarme Kessel, Online-Chemikaliendosierung und vollst\u00e4ndige Abwasserbehandlung halten den Betrieb deutlich unter den EU-BAT-Grenzwerten.<\/p><\/li><\/ul>\t\t\t\t\t\t\t\t<\/div>\n\t\t\t\t<\/div>\n\t\t\t\t\t<\/div>\n\t\t<\/div>\n\t\t\t\t\t<\/div>\n\t\t<\/section>\n\t\t\t\t\t<\/div>\n\t\t<\/div>\n\t\t\t\t\t<\/div>\n\t\t<\/section>\n\t\t\t\t<section class=\"elementor-section elementor-top-section elementor-element elementor-element-49f1ced elementor-section-full_width elementor-section-height-default elementor-section-height-default\" data-id=\"49f1ced\" data-element_type=\"section\" data-settings=\"{&quot;background_background&quot;:&quot;classic&quot;,&quot;profecient_background_motion_effects_toggle&quot;:0,&quot;profecient_parallax_effects_toggle&quot;:0,&quot;profecient_mouse_effects_toggle&quot;:0}\">\n\t\t\t\t\t\t\t<div class=\"elementor-background-overlay\"><\/div>\n\t\t\t\t\t\t\t<div class=\"elementor-container elementor-column-gap-no\">\n\t\t\t\t\t<div class=\"elementor-column elementor-col-100 elementor-top-column elementor-element elementor-element-f4e59fd\" data-id=\"f4e59fd\" data-element_type=\"column\" data-settings=\"{&quot;profecient_background_motion_effects_toggle&quot;:0,&quot;profecient_parallax_effects_toggle&quot;:0,&quot;profecient_mouse_effects_toggle&quot;:0}\">\n\t\t\t<div class=\"elementor-widget-wrap\">\n\t\t\t\t\t\t\t<\/div>\n\t\t<\/div>\n\t\t\t\t\t<\/div>\n\t\t<\/section>\n\t\t\t\t<\/div>","protected":false},"excerpt":{"rendered":"<p>Machinery Line Knitting 138 circular knitting machines across Denizli (70) and Batman (68) cover gauges 18 \u2013 44, allowing single-jersey, rib, interlock and plated or standard three-thread fleece production; 20 machines are electronic jacquard-capable Five Karl Mayer warp-knitting lines (pile, spacer and tricot) deliver more than 6.8 million m\u00b2 of fabric annually Dyeing &amp; Finishing [&hellip;]<\/p>","protected":false},"author":1,"featured_media":-3,"parent":0,"menu_order":3,"comment_status":"closed","ping_status":"closed","template":"elementor_header_footer","meta":{"_monsterinsights_skip_tracking":false,"_monsterinsights_sitenote_active":false,"_monsterinsights_sitenote_note":"","_monsterinsights_sitenote_category":0,"footnotes":""},"class_list":["post-368","page","type-page","status-publish","has-post-thumbnail","hentry"],"aioseo_notices":[],"_links":{"self":[{"href":"https:\/\/www.gamateks.com\/de\/wp-json\/wp\/v2\/pages\/368","targetHints":{"allow":["GET"]}}],"collection":[{"href":"https:\/\/www.gamateks.com\/de\/wp-json\/wp\/v2\/pages"}],"about":[{"href":"https:\/\/www.gamateks.com\/de\/wp-json\/wp\/v2\/types\/page"}],"author":[{"embeddable":true,"href":"https:\/\/www.gamateks.com\/de\/wp-json\/wp\/v2\/users\/1"}],"replies":[{"embeddable":true,"href":"https:\/\/www.gamateks.com\/de\/wp-json\/wp\/v2\/comments?post=368"}],"version-history":[{"count":0,"href":"https:\/\/www.gamateks.com\/de\/wp-json\/wp\/v2\/pages\/368\/revisions"}],"wp:featuredmedia":[{"embeddable":true,"href":"https:\/\/www.gamateks.com\/de\/wp-json\/"}],"wp:attachment":[{"href":"https:\/\/www.gamateks.com\/de\/wp-json\/wp\/v2\/media?parent=368"}],"curies":[{"name":"wp","href":"https:\/\/api.w.org\/{rel}","templated":true}]}}