{"id":398,"date":"2025-03-12T09:32:39","date_gmt":"2025-03-12T06:32:39","guid":{"rendered":"https:\/\/www.gamateks.com\/?page_id=398"},"modified":"2025-04-07T04:11:56","modified_gmt":"2025-04-07T01:11:56","slug":"quality","status":"publish","type":"page","link":"https:\/\/www.gamateks.com\/de\/gamateks\/quality\/","title":{"rendered":"Qualit\u00e4t"},"content":{"rendered":"<div data-elementor-type=\"wp-page\" data-elementor-id=\"398\" class=\"elementor elementor-398\">\n\t\t\t\t\t\t<section class=\"elementor-section elementor-top-section elementor-element elementor-element-3a7b140a elementor-section-full_width elementor-section-height-default elementor-section-height-default\" data-id=\"3a7b140a\" data-element_type=\"section\" data-settings=\"{&quot;background_background&quot;:&quot;gradient&quot;,&quot;profecient_background_motion_effects_toggle&quot;:0,&quot;profecient_parallax_effects_toggle&quot;:0,&quot;profecient_mouse_effects_toggle&quot;:0}\">\n\t\t\t\t\t\t<div class=\"elementor-container elementor-column-gap-default\">\n\t\t\t\t\t<div class=\"elementor-column elementor-col-100 elementor-top-column elementor-element elementor-element-3252c28d\" data-id=\"3252c28d\" data-element_type=\"column\" data-settings=\"{&quot;profecient_background_motion_effects_toggle&quot;:0,&quot;profecient_parallax_effects_toggle&quot;:0,&quot;profecient_mouse_effects_toggle&quot;:0}\">\n\t\t\t<div class=\"elementor-widget-wrap elementor-element-populated\">\n\t\t\t\t\t\t<section class=\"elementor-section elementor-inner-section elementor-element elementor-element-2efe655 elementor-section-boxed elementor-section-height-default elementor-section-height-default\" data-id=\"2efe655\" data-element_type=\"section\" data-settings=\"{&quot;profecient_background_motion_effects_toggle&quot;:0,&quot;profecient_parallax_effects_toggle&quot;:0,&quot;profecient_mouse_effects_toggle&quot;:0}\">\n\t\t\t\t\t\t<div class=\"elementor-container elementor-column-gap-default\">\n\t\t\t\t\t<div class=\"elementor-column elementor-col-100 elementor-inner-column elementor-element elementor-element-426304ba\" data-id=\"426304ba\" data-element_type=\"column\" data-settings=\"{&quot;profecient_background_motion_effects_toggle&quot;:0,&quot;profecient_parallax_effects_toggle&quot;:0,&quot;profecient_mouse_effects_toggle&quot;:0}\">\n\t\t\t<div class=\"elementor-widget-wrap elementor-element-populated\">\n\t\t\t\t\t\t<div class=\"elementor-element elementor-element-4a0c0d1 elementor-widget elementor-widget-heading\" data-id=\"4a0c0d1\" data-element_type=\"widget\" data-settings=\"{&quot;profecient_parallax_effects_toggle&quot;:0,&quot;profecient_mouse_effects_toggle&quot;:0}\" data-widget_type=\"heading.default\">\n\t\t\t\t<div class=\"elementor-widget-container\">\n\t\t\t\t\t<h2 class=\"elementor-heading-title elementor-size-default\">Qualit\u00e4t<\/h2>\t\t\t\t<\/div>\n\t\t\t\t<\/div>\n\t\t\t\t<div class=\"elementor-element elementor-element-60743167 elementor-widget elementor-widget-text-editor\" data-id=\"60743167\" data-element_type=\"widget\" data-settings=\"{&quot;profecient_parallax_effects_toggle&quot;:0,&quot;profecient_mouse_effects_toggle&quot;:0}\" data-widget_type=\"text-editor.default\">\n\t\t\t\t<div class=\"elementor-widget-container\">\n\t\t\t\t\t\t\t\t\t<p><b>Gamateks\u00ae hat sich zur Aufgabe gemacht, Kundenbed\u00fcrfnisse und -erwartungen mit Qualit\u00e4t zu erf\u00fcllen. Dar\u00fcber hinaus wird die Produktion gem\u00e4\u00df gesetzlichen und regulatorischen Anforderungen durchgef\u00fchrt. Die Umsetzung und Weiterentwicklung des Integrierten Managementsystems von Gamateks wurde mit den Normen ISO 9001, ISO 14001 und ISO 50001 in Einklang gebracht.<\/b><\/p><p>Unsere Qualit\u00e4tsziele zur Steigerung der Kundenzufriedenheit:<\/p><p>\u2022 Kontinuierliche Weiterentwicklung und Stabilit\u00e4t der Produktqualit\u00e4t<\/p><p>\u2022 Breites Produktsortiment\u00a0<\/p><p>\u2022 Weiterentwicklung des Unternehmensima<\/p><p>\u2022 St\u00e4rkung und Weiterentwicklung der Qualit\u00e4t der Unternehmenskultur<\/p><p>\u2022 Kommunikation mit Kunden, ein positiver Ansatz zur L\u00f6sung kooperativer Probleme sowie die Bereitstellung eines effizienten Arbeitsumfelds, Schulungen und Motivation f\u00fcr Mitarbeitende.<\/p><p>Das Gamateks\u00ae-Team folgt den folgenden Schritten zur Umsetzung und kontinuierlichen Verbesserung des Integrierten Managementsystems:<\/p><p>\u2022 Bedeutung der Kundenzufriedenheit innerhalb der Organisation sowie der gesetzlichen und regulatorischen Anforderungen in diesem Bereich<\/p><p>\u2022 Sicherstellung der dauerhaften \u00dcbereinstimmung mit der integrierten Unternehmenspolitik<\/p><p>\u2022 Festlegung spezifischer Ziele der integrierten Unternehmenspolitik<\/p><p>\u2022 Bewertung der F\u00fchrungs- und Managementleistungen<\/p><p>Vorschl\u00e4ge zum Integrierten Managementsystem werden im Integrierten Handbuch und den zugeh\u00f6rigen Verfahren dargestellt und gelten ab dem Best\u00e4tigungsdatum f\u00fcr alle Managementebenen.<\/p>\t\t\t\t\t\t\t\t<\/div>\n\t\t\t\t<\/div>\n\t\t\t\t\t<\/div>\n\t\t<\/div>\n\t\t\t\t\t<\/div>\n\t\t<\/section>\n\t\t\t\t\t<\/div>\n\t\t<\/div>\n\t\t\t\t\t<\/div>\n\t\t<\/section>\n\t\t\t\t<section class=\"elementor-section elementor-top-section elementor-element elementor-element-49f1ced elementor-section-full_width elementor-section-height-default elementor-section-height-default\" data-id=\"49f1ced\" data-element_type=\"section\" data-settings=\"{&quot;background_background&quot;:&quot;classic&quot;,&quot;profecient_background_motion_effects_toggle&quot;:0,&quot;profecient_parallax_effects_toggle&quot;:0,&quot;profecient_mouse_effects_toggle&quot;:0}\">\n\t\t\t\t\t\t\t<div class=\"elementor-background-overlay\"><\/div>\n\t\t\t\t\t\t\t<div class=\"elementor-container elementor-column-gap-no\">\n\t\t\t\t\t<div class=\"elementor-column elementor-col-100 elementor-top-column elementor-element elementor-element-f4e59fd\" data-id=\"f4e59fd\" data-element_type=\"column\" data-settings=\"{&quot;profecient_background_motion_effects_toggle&quot;:0,&quot;profecient_parallax_effects_toggle&quot;:0,&quot;profecient_mouse_effects_toggle&quot;:0}\">\n\t\t\t<div class=\"elementor-widget-wrap\">\n\t\t\t\t\t\t\t<\/div>\n\t\t<\/div>\n\t\t\t\t\t<\/div>\n\t\t<\/section>\n\t\t\t\t<\/div>","protected":false},"excerpt":{"rendered":"<p>Quality Gamateks\u00ae has got the mission of meeting customer needs and expectations with its quality. Besides, it produces according to legal and regulatory demands. Gamateks Integrated Management System implementation and development has been harmonized with ISO 9001 &amp; ISO 14001 &amp; ISO 50001 standards. Our quality goals to increase customer satisfaction: \u2022 Continuous product quality [&hellip;]<\/p>","protected":false},"author":1,"featured_media":-3,"parent":95,"menu_order":8,"comment_status":"closed","ping_status":"closed","template":"elementor_header_footer","meta":{"_monsterinsights_skip_tracking":false,"_monsterinsights_sitenote_active":false,"_monsterinsights_sitenote_note":"","_monsterinsights_sitenote_category":0,"footnotes":""},"class_list":["post-398","page","type-page","status-publish","has-post-thumbnail","hentry"],"aioseo_notices":[],"_links":{"self":[{"href":"https:\/\/www.gamateks.com\/de\/wp-json\/wp\/v2\/pages\/398","targetHints":{"allow":["GET"]}}],"collection":[{"href":"https:\/\/www.gamateks.com\/de\/wp-json\/wp\/v2\/pages"}],"about":[{"href":"https:\/\/www.gamateks.com\/de\/wp-json\/wp\/v2\/types\/page"}],"author":[{"embeddable":true,"href":"https:\/\/www.gamateks.com\/de\/wp-json\/wp\/v2\/users\/1"}],"replies":[{"embeddable":true,"href":"https:\/\/www.gamateks.com\/de\/wp-json\/wp\/v2\/comments?post=398"}],"version-history":[{"count":0,"href":"https:\/\/www.gamateks.com\/de\/wp-json\/wp\/v2\/pages\/398\/revisions"}],"up":[{"embeddable":true,"href":"https:\/\/www.gamateks.com\/de\/wp-json\/wp\/v2\/pages\/95"}],"wp:featuredmedia":[{"embeddable":true,"href":"https:\/\/www.gamateks.com\/de\/wp-json\/"}],"wp:attachment":[{"href":"https:\/\/www.gamateks.com\/de\/wp-json\/wp\/v2\/media?parent=398"}],"curies":[{"name":"wp","href":"https:\/\/api.w.org\/{rel}","templated":true}]}}