{"id":271,"date":"2025-03-12T08:15:59","date_gmt":"2025-03-12T05:15:59","guid":{"rendered":"https:\/\/www.gamateks.com\/?page_id=271"},"modified":"2025-05-26T10:49:45","modified_gmt":"2025-05-26T07:49:45","slug":"environmentally-friendly-production","status":"publish","type":"page","link":"https:\/\/www.gamateks.com\/tr\/environmentally-friendly-production\/","title":{"rendered":"\u00c7evre Dostu \u00dcretim"},"content":{"rendered":"<div data-elementor-type=\"wp-page\" data-elementor-id=\"271\" class=\"elementor elementor-271\">\n\t\t\t\t\t\t<section class=\"elementor-section elementor-top-section elementor-element elementor-element-3a7b140a elementor-section-full_width elementor-section-height-default elementor-section-height-default\" data-id=\"3a7b140a\" data-element_type=\"section\" data-settings=\"{&quot;background_background&quot;:&quot;gradient&quot;,&quot;profecient_background_motion_effects_toggle&quot;:0,&quot;profecient_parallax_effects_toggle&quot;:0,&quot;profecient_mouse_effects_toggle&quot;:0}\">\n\t\t\t\t\t\t<div class=\"elementor-container elementor-column-gap-default\">\n\t\t\t\t\t<div class=\"elementor-column elementor-col-100 elementor-top-column elementor-element elementor-element-3252c28d\" data-id=\"3252c28d\" data-element_type=\"column\" data-settings=\"{&quot;profecient_background_motion_effects_toggle&quot;:0,&quot;profecient_parallax_effects_toggle&quot;:0,&quot;profecient_mouse_effects_toggle&quot;:0}\">\n\t\t\t<div class=\"elementor-widget-wrap elementor-element-populated\">\n\t\t\t\t\t\t<div class=\"elementor-element elementor-element-77424ac elementor-hidden-desktop elementor-hidden-tablet elementor-hidden-mobile elementor-widget elementor-widget-image\" data-id=\"77424ac\" data-element_type=\"widget\" data-settings=\"{&quot;profecient_parallax_effects_toggle&quot;:0,&quot;profecient_mouse_effects_toggle&quot;:0}\" data-widget_type=\"image.default\">\n\t\t\t\t<div class=\"elementor-widget-container\">\n\t\t\t\t\t\t\t\t\t\t\t\t\t\t\t<img fetchpriority=\"high\" decoding=\"async\" width=\"1536\" height=\"533\" src=\"https:\/\/www.gamateks.com\/wp-content\/uploads\/2025\/05\/KONFEKSIYON-1-scaled-e1748344449901-1536x533.jpg\" class=\"attachment-1536x1536 size-1536x1536 wp-image-1125\" alt=\"\" srcset=\"https:\/\/www.gamateks.com\/wp-content\/uploads\/2025\/05\/KONFEKSIYON-1-scaled-e1748344449901-1536x533.jpg 1536w, https:\/\/www.gamateks.com\/wp-content\/uploads\/2025\/05\/KONFEKSIYON-1-scaled-e1748344449901-300x104.jpg 300w, https:\/\/www.gamateks.com\/wp-content\/uploads\/2025\/05\/KONFEKSIYON-1-scaled-e1748344449901-1024x355.jpg 1024w, https:\/\/www.gamateks.com\/wp-content\/uploads\/2025\/05\/KONFEKSIYON-1-scaled-e1748344449901-768x266.jpg 768w, https:\/\/www.gamateks.com\/wp-content\/uploads\/2025\/05\/KONFEKSIYON-1-scaled-e1748344449901-2048x711.jpg 2048w\" sizes=\"(max-width: 1536px) 100vw, 1536px\" \/>\t\t\t\t\t\t\t\t\t\t\t\t\t\t\t<\/div>\n\t\t\t\t<\/div>\n\t\t\t\t<section class=\"elementor-section elementor-inner-section elementor-element elementor-element-2efe655 elementor-section-boxed elementor-section-height-default elementor-section-height-default\" data-id=\"2efe655\" data-element_type=\"section\" data-settings=\"{&quot;profecient_background_motion_effects_toggle&quot;:0,&quot;profecient_parallax_effects_toggle&quot;:0,&quot;profecient_mouse_effects_toggle&quot;:0}\">\n\t\t\t\t\t\t<div class=\"elementor-container elementor-column-gap-default\">\n\t\t\t\t\t<div class=\"elementor-column elementor-col-100 elementor-inner-column elementor-element elementor-element-426304ba\" data-id=\"426304ba\" data-element_type=\"column\" data-settings=\"{&quot;profecient_background_motion_effects_toggle&quot;:0,&quot;profecient_parallax_effects_toggle&quot;:0,&quot;profecient_mouse_effects_toggle&quot;:0}\">\n\t\t\t<div class=\"elementor-widget-wrap elementor-element-populated\">\n\t\t\t\t\t\t<div class=\"elementor-element elementor-element-4a0c0d1 elementor-widget elementor-widget-heading\" data-id=\"4a0c0d1\" data-element_type=\"widget\" data-settings=\"{&quot;profecient_parallax_effects_toggle&quot;:0,&quot;profecient_mouse_effects_toggle&quot;:0}\" data-widget_type=\"heading.default\">\n\t\t\t\t<div class=\"elementor-widget-container\">\n\t\t\t\t\t<h2 class=\"elementor-heading-title elementor-size-default\">\u00c7evre Dostu \u00dcretim\n\n<\/br>\u0130nsan ve Do\u011faya De\u011fer Veriyoruz!<\/h2>\t\t\t\t<\/div>\n\t\t\t\t<\/div>\n\t\t\t\t<div class=\"elementor-element elementor-element-5eb6ac5 elementor-widget elementor-widget-heading\" data-id=\"5eb6ac5\" data-element_type=\"widget\" data-settings=\"{&quot;profecient_parallax_effects_toggle&quot;:0,&quot;profecient_mouse_effects_toggle&quot;:0}\" data-widget_type=\"heading.default\">\n\t\t\t\t<div class=\"elementor-widget-container\">\n\t\t\t\t\t<h2 class=\"elementor-heading-title elementor-size-default\">D\u00fcnyan\u0131n \u0130lk Ekolojik Boya Tesisi<\/h2>\t\t\t\t<\/div>\n\t\t\t\t<\/div>\n\t\t\t\t<div class=\"elementor-element elementor-element-60743167 elementor-widget elementor-widget-text-editor\" data-id=\"60743167\" data-element_type=\"widget\" data-settings=\"{&quot;profecient_parallax_effects_toggle&quot;:0,&quot;profecient_mouse_effects_toggle&quot;:0}\" data-widget_type=\"text-editor.default\">\n\t\t\t\t<div class=\"elementor-widget-container\">\n\t\t\t\t\t\t\t\t\t<p class=\"p1\">Gamateks\u00ae olarak sa\u011fl\u0131\u011f\u0131 ve s\u00fcrd\u00fcr\u00fclebilirli\u011fi \u00f6nceli\u011fimiz haline getiriyoruz:<\/p><ul><li><p class=\"p1 translation-block\">OEKO-TEX\u00ae Standard 100 ile Sertifikaland\u0131r\u0131lm\u0131\u015ft\u0131r<\/p><\/li><li><p class=\"p1\">T\u00fcm tedarik\u00e7ilerin ayn\u0131 standard\u0131 kar\u015f\u0131lamas\u0131 gerekmektedir<\/p><\/li><li><p class=\"p1 translation-block\">Boyar madde tedarik\u00e7ileri ETAD \u00fcyesidir<\/p><\/li><li><p class=\"p1 translation-block\">Kimyasallar REACH d\u00fczenlemelerine uygundur<\/p><\/li><li><p class=\"p1 translation-block\">Full traceability via our <span class=\"s1\"><b>digital TDS\/MSDS database<\/b><\/span><\/p><\/li><\/ul>\t\t\t\t\t\t\t\t<\/div>\n\t\t\t\t<\/div>\n\t\t\t\t<div class=\"elementor-element elementor-element-a0e0c63 elementor-widget elementor-widget-heading\" data-id=\"a0e0c63\" data-element_type=\"widget\" data-settings=\"{&quot;profecient_parallax_effects_toggle&quot;:0,&quot;profecient_mouse_effects_toggle&quot;:0}\" data-widget_type=\"heading.default\">\n\t\t\t\t<div class=\"elementor-widget-container\">\n\t\t\t\t\t<h2 class=\"elementor-heading-title elementor-size-default\">M\u00fckemmellik \u0130\u00e7in Sertifikaland\u0131r\u0131ld\u0131<\/h2>\t\t\t\t<\/div>\n\t\t\t\t<\/div>\n\t\t\t\t<div class=\"elementor-element elementor-element-fe8a5da elementor-widget elementor-widget-text-editor\" data-id=\"fe8a5da\" data-element_type=\"widget\" data-settings=\"{&quot;profecient_parallax_effects_toggle&quot;:0,&quot;profecient_mouse_effects_toggle&quot;:0}\" data-widget_type=\"text-editor.default\">\n\t\t\t\t<div class=\"elementor-widget-container\">\n\t\t\t\t\t\t\t\t\t<p class=\"p1\">Gamateks\u00ae\u2019in seri \u00fcretimi, a\u015fa\u011f\u0131dakiler de dahil olmak \u00fczere \u00f6nde gelen k\u00fcresel markalar taraf\u0131ndan akredite edilmi\u015ftir. <span class=\"s1\"><b>Marks &amp; Spencer, Next, H&amp;M, Tesco F&amp;F, C&amp;A<\/b><\/span>.<\/p><p class=\"p1 translation-block\">T\u00fcm operasyonlar\u0131m\u0131zda tutarl\u0131 m\u00fckemmelli\u011fi sa\u011flamak amac\u0131yla ISO 9001:2008 Kalite Y\u00f6netim Sistemi kapsam\u0131nda faaliyet g\u00f6stermekteyiz.<\/p><p class=\"p1 translation-block\">2014 y\u0131l\u0131ndan bu yana Gamateks\u00ae, Turquality\u00ae marka destek program\u0131ndan gururla yararlanmaktad\u0131r ve program tarihinin en y\u00fcksek de\u011ferlendirme puanlar\u0131ndan birini alm\u0131\u015ft\u0131r.<\/p>\t\t\t\t\t\t\t\t<\/div>\n\t\t\t\t<\/div>\n\t\t\t\t\t<\/div>\n\t\t<\/div>\n\t\t\t\t\t<\/div>\n\t\t<\/section>\n\t\t\t\t<section class=\"elementor-section elementor-inner-section elementor-element elementor-element-cc60e21 elementor-section-content-middle elementor-section-boxed elementor-section-height-default elementor-section-height-default\" data-id=\"cc60e21\" data-element_type=\"section\" data-settings=\"{&quot;profecient_background_motion_effects_toggle&quot;:0,&quot;profecient_parallax_effects_toggle&quot;:0,&quot;profecient_mouse_effects_toggle&quot;:0}\">\n\t\t\t\t\t\t<div class=\"elementor-container elementor-column-gap-default\">\n\t\t\t\t\t<div class=\"elementor-column elementor-col-100 elementor-inner-column elementor-element elementor-element-645a5e2\" data-id=\"645a5e2\" data-element_type=\"column\" data-settings=\"{&quot;profecient_background_motion_effects_toggle&quot;:0,&quot;profecient_parallax_effects_toggle&quot;:0,&quot;profecient_mouse_effects_toggle&quot;:0}\">\n\t\t\t<div class=\"elementor-widget-wrap\">\n\t\t\t\t\t\t\t<\/div>\n\t\t<\/div>\n\t\t\t\t\t<\/div>\n\t\t<\/section>\n\t\t\t\t\t<\/div>\n\t\t<\/div>\n\t\t\t\t\t<\/div>\n\t\t<\/section>\n\t\t\t\t<section class=\"elementor-section elementor-top-section elementor-element elementor-element-49f1ced elementor-section-full_width elementor-section-height-default elementor-section-height-default\" data-id=\"49f1ced\" data-element_type=\"section\" data-settings=\"{&quot;background_background&quot;:&quot;classic&quot;,&quot;profecient_background_motion_effects_toggle&quot;:0,&quot;profecient_parallax_effects_toggle&quot;:0,&quot;profecient_mouse_effects_toggle&quot;:0}\">\n\t\t\t\t\t\t\t<div class=\"elementor-background-overlay\"><\/div>\n\t\t\t\t\t\t\t<div class=\"elementor-container elementor-column-gap-no\">\n\t\t\t\t\t<div class=\"elementor-column elementor-col-100 elementor-top-column elementor-element elementor-element-f4e59fd\" data-id=\"f4e59fd\" data-element_type=\"column\" data-settings=\"{&quot;profecient_background_motion_effects_toggle&quot;:0,&quot;profecient_parallax_effects_toggle&quot;:0,&quot;profecient_mouse_effects_toggle&quot;:0}\">\n\t\t\t<div class=\"elementor-widget-wrap\">\n\t\t\t\t\t\t\t<\/div>\n\t\t<\/div>\n\t\t\t\t\t<\/div>\n\t\t<\/section>\n\t\t\t\t<\/div>","protected":false},"excerpt":{"rendered":"<p>Eco-Friendly Production We Care For Human and Nature! Worlds First Ecological Dye-house At Gamateks\u00ae, we prioritize health and sustainability: Certified with OEKO-TEX\u00ae Standard 100 All suppliers must meet the same standard Dyestuff suppliers are ETAD members Chemicals comply with REACH regulations Full traceability via our digital TDS\/MSDS database Certified For Excellence Gamateks\u00ae\u2019 serial production is [&hellip;]<\/p>","protected":false},"author":1,"featured_media":-3,"parent":0,"menu_order":9,"comment_status":"closed","ping_status":"closed","template":"elementor_header_footer","meta":{"_monsterinsights_skip_tracking":false,"_monsterinsights_sitenote_active":false,"_monsterinsights_sitenote_note":"","_monsterinsights_sitenote_category":0,"footnotes":""},"class_list":["post-271","page","type-page","status-publish","has-post-thumbnail","hentry"],"aioseo_notices":[],"_links":{"self":[{"href":"https:\/\/www.gamateks.com\/tr\/wp-json\/wp\/v2\/pages\/271","targetHints":{"allow":["GET"]}}],"collection":[{"href":"https:\/\/www.gamateks.com\/tr\/wp-json\/wp\/v2\/pages"}],"about":[{"href":"https:\/\/www.gamateks.com\/tr\/wp-json\/wp\/v2\/types\/page"}],"author":[{"embeddable":true,"href":"https:\/\/www.gamateks.com\/tr\/wp-json\/wp\/v2\/users\/1"}],"replies":[{"embeddable":true,"href":"https:\/\/www.gamateks.com\/tr\/wp-json\/wp\/v2\/comments?post=271"}],"version-history":[{"count":0,"href":"https:\/\/www.gamateks.com\/tr\/wp-json\/wp\/v2\/pages\/271\/revisions"}],"wp:featuredmedia":[{"embeddable":true,"href":"https:\/\/www.gamateks.com\/tr\/wp-json\/"}],"wp:attachment":[{"href":"https:\/\/www.gamateks.com\/tr\/wp-json\/wp\/v2\/media?parent=271"}],"curies":[{"name":"wp","href":"https:\/\/api.w.org\/{rel}","templated":true}]}}