{"id":355,"date":"2025-03-12T09:15:19","date_gmt":"2025-03-12T06:15:19","guid":{"rendered":"https:\/\/www.gamateks.com\/?page_id=355"},"modified":"2025-07-10T07:57:24","modified_gmt":"2025-07-10T04:57:24","slug":"our-policy","status":"publish","type":"page","link":"https:\/\/www.gamateks.com\/tr\/gamateks\/our-policy\/","title":{"rendered":"Politikam\u0131z"},"content":{"rendered":"<div data-elementor-type=\"wp-page\" data-elementor-id=\"355\" class=\"elementor elementor-355\">\n\t\t\t\t\t\t<section class=\"elementor-section elementor-top-section elementor-element elementor-element-3a7b140a elementor-section-full_width elementor-section-height-default elementor-section-height-default\" data-id=\"3a7b140a\" data-element_type=\"section\" data-settings=\"{&quot;background_background&quot;:&quot;gradient&quot;,&quot;profecient_background_motion_effects_toggle&quot;:0,&quot;profecient_parallax_effects_toggle&quot;:0,&quot;profecient_mouse_effects_toggle&quot;:0}\">\n\t\t\t\t\t\t<div class=\"elementor-container elementor-column-gap-default\">\n\t\t\t\t\t<div class=\"elementor-column elementor-col-100 elementor-top-column elementor-element elementor-element-3252c28d\" data-id=\"3252c28d\" data-element_type=\"column\" data-settings=\"{&quot;profecient_background_motion_effects_toggle&quot;:0,&quot;profecient_parallax_effects_toggle&quot;:0,&quot;profecient_mouse_effects_toggle&quot;:0}\">\n\t\t\t<div class=\"elementor-widget-wrap elementor-element-populated\">\n\t\t\t\t\t\t<section class=\"elementor-section elementor-inner-section elementor-element elementor-element-2efe655 elementor-section-boxed elementor-section-height-default elementor-section-height-default\" data-id=\"2efe655\" data-element_type=\"section\" data-settings=\"{&quot;profecient_background_motion_effects_toggle&quot;:0,&quot;profecient_parallax_effects_toggle&quot;:0,&quot;profecient_mouse_effects_toggle&quot;:0}\">\n\t\t\t\t\t\t<div class=\"elementor-container elementor-column-gap-default\">\n\t\t\t\t\t<div class=\"elementor-column elementor-col-100 elementor-inner-column elementor-element elementor-element-426304ba\" data-id=\"426304ba\" data-element_type=\"column\" data-settings=\"{&quot;profecient_background_motion_effects_toggle&quot;:0,&quot;profecient_parallax_effects_toggle&quot;:0,&quot;profecient_mouse_effects_toggle&quot;:0}\">\n\t\t\t<div class=\"elementor-widget-wrap elementor-element-populated\">\n\t\t\t\t\t\t<div class=\"elementor-element elementor-element-4a0c0d1 elementor-widget elementor-widget-heading\" data-id=\"4a0c0d1\" data-element_type=\"widget\" data-settings=\"{&quot;profecient_parallax_effects_toggle&quot;:0,&quot;profecient_mouse_effects_toggle&quot;:0}\" data-widget_type=\"heading.default\">\n\t\t\t\t<div class=\"elementor-widget-container\">\n\t\t\t\t\t<h2 class=\"elementor-heading-title elementor-size-default\">ENTEGRE Y\u00d6NET\u0130M S\u0130STEM\u0130 POL\u0130T\u0130KASI (ISO 9001 \/ ISO 50001 \/ ISO 14001)<\/h2>\t\t\t\t<\/div>\n\t\t\t\t<\/div>\n\t\t\t\t<div class=\"elementor-element elementor-element-76dff23 elementor-widget elementor-widget-heading\" data-id=\"76dff23\" data-element_type=\"widget\" data-settings=\"{&quot;profecient_parallax_effects_toggle&quot;:0,&quot;profecient_mouse_effects_toggle&quot;:0}\" data-widget_type=\"heading.default\">\n\t\t\t\t<div class=\"elementor-widget-container\">\n\t\t\t\t\t<h2 class=\"elementor-heading-title elementor-size-default\">GAMATEKS TEKSTIL SAN. VE TIC. A.\u015e.<\/h2>\t\t\t\t<\/div>\n\t\t\t\t<\/div>\n\t\t\t\t<div class=\"elementor-element elementor-element-60743167 elementor-widget elementor-widget-text-editor\" data-id=\"60743167\" data-element_type=\"widget\" data-settings=\"{&quot;profecient_parallax_effects_toggle&quot;:0,&quot;profecient_mouse_effects_toggle&quot;:0}\" data-widget_type=\"text-editor.default\">\n\t\t\t\t<div class=\"elementor-widget-container\">\n\t\t\t\t\t\t\t\t\t<p>GAMATEKS TEKST\u0130L SAN. VE T\u0130C. A.\u015e., m\u00fc\u015fterilerinin talep ve beklentileri do\u011frultusunda, amaca ve ba\u011flama uygun, stratejik y\u00f6nelimi destekleyen ev tekstili \u00fcr\u00fcnlerini, sivil ve askeri kullan\u0131m ama\u00e7lar\u0131na y\u00f6nelik olarak \u00fcretmektedir.<\/p><p>Bu \u015firketin \u00f6ncelikli ilkesi, \u00e7evresel ve enerji s\u00fcre\u00e7lerini en etkili \u015fekilde y\u00f6neterek m\u00fc\u015fteri memnuniyetini sa\u011flamakt\u0131r. Bu nedenle;<\/p><ol><li>\u00c7al\u0131\u015fanlar\u0131m\u0131z\u0131n kat\u0131l\u0131m\u0131 ve e\u011fitim faaliyetleriyle, \u015firketimizin vizyon ve misyonuna uygun \u015fekilde \u00e7al\u0131\u015fmak ve s\u00fcrekli iyile\u015ftirme sa\u011flamak.<\/li><li>Sistemlerimizle ilgili teknolojik geli\u015fmeleri yak\u0131ndan takip etmek ve uygulanabilirli\u011fini de\u011ferlendirmek.<\/li><li><span style=\"background-color: transparent; color: var( --e-global-color-text ); letter-spacing: -0.01em;\">Kalite, \u00c7evre ve Enerji sistemlerinin gerekliliklerine uygun etkin ekipman\/cihaz temin etmek.<\/span><\/li><li>T\u00fcm faaliyetlerimizi y\u00fcr\u00fct\u00fcrken enerji verimlili\u011fi ve tasarrufu konusunda fark\u0131ndal\u0131k sa\u011flamak.<\/li><li>Enerji ve \u00e7evre ile ilgili yasal mevzuat h\u00fck\u00fcmleri ile di\u011fer payda\u015flar\u0131n gerekliliklerine uymak.<\/li><li>Tedarik\u00e7i se\u00e7imi ve de\u011ferlendirme kriterlerine, \u00e7evre ve enerji y\u00f6netimiyle ilgili kriterleri dahil etmek.<\/li><li>Enerji performans\u0131n\u0131 iyile\u015ftirmek amac\u0131yla, sat\u0131n alma ve tasar\u0131m s\u00fcre\u00e7lerinde enerji verimli \u00fcr\u00fcnleri tercih etmek.<\/li><li>\u015eirketimizdeki at\u0131k y\u00f6netimi bilinci, teknik ve ilgili yasal gerekliliklere uygun olarak \u00e7evresel etkisi y\u00fcksek at\u0131klar\u0131n kayna\u011f\u0131nda azalt\u0131lmas\u0131n\u0131 sa\u011flar ve bu at\u0131klar\u0131n geri kazan\u0131m\u0131n\u0131 art\u0131rarak faaliyetlerimizi s\u00fcrd\u00fcrmemize olanak tan\u0131r.<\/li><li>Yeni \u00fcr\u00fcn tasar\u0131mlar\u0131m\u0131zda \u00e7evresel etkileri g\u00f6z \u00f6n\u00fcnde bulundurarak; kaynak \nverimlili\u011fini sa\u011flamak, s\u00fcrd\u00fcr\u00fclebilir \u00fcr\u00fcnlerin tasar\u0131mlar\u0131n\u0131n yap\u0131lmas\u0131n\u0131 tercih etmek<\/li><li>Gamateks Tekstil, \u00fcretimin her a\u015famas\u0131ndaki t\u00fcm s\u00fcre\u00e7leri etkin bir \u015fekilde y\u00f6neterek, kalite, \u00e7evre ve enerji y\u00f6netim sistemlerini ve bu sistemlerin performanslar\u0131n\u0131 s\u00fcrekli olarak iyile\u015ftirmeyi taahh\u00fct eder.<\/li><li>Bu politika ve ama\u00e7lar, GAMATEKS ve \u00e7al\u0131\u015fanlar\u0131m\u0131z\u0131n en temel g\u00f6revi ve samimi taahh\u00fcd\u00fcd\u00fcr.<\/li><\/ol>\t\t\t\t\t\t\t\t<\/div>\n\t\t\t\t<\/div>\n\t\t\t\t\t<\/div>\n\t\t<\/div>\n\t\t\t\t\t<\/div>\n\t\t<\/section>\n\t\t\t\t\t<\/div>\n\t\t<\/div>\n\t\t\t\t\t<\/div>\n\t\t<\/section>\n\t\t\t\t<section class=\"elementor-section elementor-top-section elementor-element elementor-element-49f1ced elementor-section-full_width elementor-section-height-default elementor-section-height-default\" data-id=\"49f1ced\" data-element_type=\"section\" data-settings=\"{&quot;background_background&quot;:&quot;classic&quot;,&quot;profecient_background_motion_effects_toggle&quot;:0,&quot;profecient_parallax_effects_toggle&quot;:0,&quot;profecient_mouse_effects_toggle&quot;:0}\">\n\t\t\t\t\t\t\t<div class=\"elementor-background-overlay\"><\/div>\n\t\t\t\t\t\t\t<div class=\"elementor-container elementor-column-gap-no\">\n\t\t\t\t\t<div class=\"elementor-column elementor-col-100 elementor-top-column elementor-element elementor-element-f4e59fd\" data-id=\"f4e59fd\" data-element_type=\"column\" data-settings=\"{&quot;profecient_background_motion_effects_toggle&quot;:0,&quot;profecient_parallax_effects_toggle&quot;:0,&quot;profecient_mouse_effects_toggle&quot;:0}\">\n\t\t\t<div class=\"elementor-widget-wrap\">\n\t\t\t\t\t\t\t<\/div>\n\t\t<\/div>\n\t\t\t\t\t<\/div>\n\t\t<\/section>\n\t\t\t\t<\/div>","protected":false},"excerpt":{"rendered":"<p>INTEGRATED MANAGEMENT SYSTEM POLICY (ISO 9001 \/ ISO 50001 \/ ISO 14001) GAMATEKS TEKSTIL SAN. VE TIC. A.\u015e. GAMATEKS TEKSTIL SAN. VE TIC. A.\u015e. produces home textile products that suitable for purpose and context, support the strategic direction for civil and military purposes in line with the requests and expectations of its customers. Priority principle [&hellip;]<\/p>","protected":false},"author":1,"featured_media":-3,"parent":95,"menu_order":5,"comment_status":"closed","ping_status":"closed","template":"elementor_header_footer","meta":{"_monsterinsights_skip_tracking":false,"_monsterinsights_sitenote_active":false,"_monsterinsights_sitenote_note":"","_monsterinsights_sitenote_category":0,"footnotes":""},"class_list":["post-355","page","type-page","status-publish","has-post-thumbnail","hentry"],"aioseo_notices":[],"_links":{"self":[{"href":"https:\/\/www.gamateks.com\/tr\/wp-json\/wp\/v2\/pages\/355","targetHints":{"allow":["GET"]}}],"collection":[{"href":"https:\/\/www.gamateks.com\/tr\/wp-json\/wp\/v2\/pages"}],"about":[{"href":"https:\/\/www.gamateks.com\/tr\/wp-json\/wp\/v2\/types\/page"}],"author":[{"embeddable":true,"href":"https:\/\/www.gamateks.com\/tr\/wp-json\/wp\/v2\/users\/1"}],"replies":[{"embeddable":true,"href":"https:\/\/www.gamateks.com\/tr\/wp-json\/wp\/v2\/comments?post=355"}],"version-history":[{"count":4,"href":"https:\/\/www.gamateks.com\/tr\/wp-json\/wp\/v2\/pages\/355\/revisions"}],"predecessor-version":[{"id":1354,"href":"https:\/\/www.gamateks.com\/tr\/wp-json\/wp\/v2\/pages\/355\/revisions\/1354"}],"up":[{"embeddable":true,"href":"https:\/\/www.gamateks.com\/tr\/wp-json\/wp\/v2\/pages\/95"}],"wp:featuredmedia":[{"embeddable":true,"href":"https:\/\/www.gamateks.com\/tr\/wp-json\/"}],"wp:attachment":[{"href":"https:\/\/www.gamateks.com\/tr\/wp-json\/wp\/v2\/media?parent=355"}],"curies":[{"name":"wp","href":"https:\/\/api.w.org\/{rel}","templated":true}]}}