{"id":368,"date":"2025-03-12T09:21:52","date_gmt":"2025-03-12T06:21:52","guid":{"rendered":"https:\/\/www.gamateks.com\/?page_id=368"},"modified":"2025-05-28T16:42:37","modified_gmt":"2025-05-28T13:42:37","slug":"machinery-line","status":"publish","type":"page","link":"https:\/\/www.gamateks.com\/tr\/machinery-line\/","title":{"rendered":"Makine Hatt\u0131"},"content":{"rendered":"<div data-elementor-type=\"wp-page\" data-elementor-id=\"368\" class=\"elementor elementor-368\">\n\t\t\t\t\t\t<section class=\"elementor-section elementor-top-section elementor-element elementor-element-3a7b140a elementor-section-full_width elementor-section-height-default elementor-section-height-default\" data-id=\"3a7b140a\" data-element_type=\"section\" data-settings=\"{&quot;background_background&quot;:&quot;gradient&quot;,&quot;profecient_background_motion_effects_toggle&quot;:0,&quot;profecient_parallax_effects_toggle&quot;:0,&quot;profecient_mouse_effects_toggle&quot;:0}\">\n\t\t\t\t\t\t<div class=\"elementor-container elementor-column-gap-default\">\n\t\t\t\t\t<div class=\"elementor-column elementor-col-100 elementor-top-column elementor-element elementor-element-3252c28d\" data-id=\"3252c28d\" data-element_type=\"column\" data-settings=\"{&quot;profecient_background_motion_effects_toggle&quot;:0,&quot;profecient_parallax_effects_toggle&quot;:0,&quot;profecient_mouse_effects_toggle&quot;:0}\">\n\t\t\t<div class=\"elementor-widget-wrap elementor-element-populated\">\n\t\t\t\t\t\t<section class=\"elementor-section elementor-inner-section elementor-element elementor-element-2efe655 elementor-section-boxed elementor-section-height-default elementor-section-height-default\" data-id=\"2efe655\" data-element_type=\"section\" data-settings=\"{&quot;profecient_background_motion_effects_toggle&quot;:0,&quot;profecient_parallax_effects_toggle&quot;:0,&quot;profecient_mouse_effects_toggle&quot;:0}\">\n\t\t\t\t\t\t<div class=\"elementor-container elementor-column-gap-default\">\n\t\t\t\t\t<div class=\"elementor-column elementor-col-100 elementor-inner-column elementor-element elementor-element-426304ba\" data-id=\"426304ba\" data-element_type=\"column\" data-settings=\"{&quot;profecient_background_motion_effects_toggle&quot;:0,&quot;profecient_parallax_effects_toggle&quot;:0,&quot;profecient_mouse_effects_toggle&quot;:0}\">\n\t\t\t<div class=\"elementor-widget-wrap elementor-element-populated\">\n\t\t\t\t\t\t<div class=\"elementor-element elementor-element-09340dd elementor-widget elementor-widget-image\" data-id=\"09340dd\" data-element_type=\"widget\" data-settings=\"{&quot;profecient_parallax_effects_toggle&quot;:0,&quot;profecient_mouse_effects_toggle&quot;:0}\" data-widget_type=\"image.default\">\n\t\t\t\t<div class=\"elementor-widget-container\">\n\t\t\t\t\t\t\t\t\t\t\t\t\t\t\t<img decoding=\"async\" src=\"https:\/\/www.gamateks.com\/wp-content\/uploads\/elementor\/thumbs\/42-scaled-e1748439238905-r6h5vjw1hai789w4tasvr8l0sf2aw7dsoj71o0btqw.jpg\" title=\"42\" alt=\"42\" loading=\"lazy\" \/>\t\t\t\t\t\t\t\t\t\t\t\t\t\t\t<\/div>\n\t\t\t\t<\/div>\n\t\t\t\t<div class=\"elementor-element elementor-element-4a0c0d1 elementor-widget elementor-widget-heading\" data-id=\"4a0c0d1\" data-element_type=\"widget\" data-settings=\"{&quot;profecient_parallax_effects_toggle&quot;:0,&quot;profecient_mouse_effects_toggle&quot;:0}\" data-widget_type=\"heading.default\">\n\t\t\t\t<div class=\"elementor-widget-container\">\n\t\t\t\t\t<h2 class=\"elementor-heading-title elementor-size-default\">Makine Hatt\u0131<\/h2>\t\t\t\t<\/div>\n\t\t\t\t<\/div>\n\t\t\t\t<div class=\"elementor-element elementor-element-60743167 elementor-widget elementor-widget-text-editor\" data-id=\"60743167\" data-element_type=\"widget\" data-settings=\"{&quot;profecient_parallax_effects_toggle&quot;:0,&quot;profecient_mouse_effects_toggle&quot;:0}\" data-widget_type=\"text-editor.default\">\n\t\t\t\t<div class=\"elementor-widget-container\">\n\t\t\t\t\t\t\t\t\t<p class=\"p1\"><b>\u00d6rme<\/b><b><\/b><\/p><ul><li><p class=\"p1 translation-block\">Denizli\u2019de 70, Batman\u2019da 68 olmak \u00fczere toplam 138 yuvarlak \u00f6rme makinesi; 18\u201344 i\u011fne inceli\u011fi aral\u0131\u011f\u0131nda \u00e7al\u0131\u015fmakta olup, s\u00fcprem, ribana, interlok ve standart ya da kaplamal\u0131 \u00fc\u00e7 iplik kuma\u015f \u00fcretimi yap\u0131lmas\u0131na olanak sa\u011flamaktad\u0131r. Bu makinelerden 20 tanesi elektronik jakar \u00f6zelli\u011fine sahiptir.<\/p><\/li><li><p class=\"p1 translation-block\">Be\u015f adet Karl Mayer \u00e7\u00f6zg\u00fcl\u00fc \u00f6rme hatt\u0131 (havlu, spacer ve triko) y\u0131lda 6,8 milyon m\u00b2'den fazla kuma\u015f \u00fcretmektedir.<\/p><\/li><\/ul><p class=\"p1\"><b>Boyama ve Apreleme<\/b><b><\/b><\/p><ul><li><p class=\"p1 translation-block\">\u00d6rme ve dokuma kuma\u015flara \u00f6zel iki adet y\u0131kama-bekletme (pad-batch) hatt\u0131; 6 adet ram\u00f6z hatt\u0131, 1 adet relaks kurutucu ve 1 adet s\u00fcrekli tamburlu kurutucu ile boyutsal stabilite sa\u011flanmaktad\u0131r.<\/p><\/li><li><p class=\"p1\"><span class=\"s1\"><b>\u00d6rme ve dokuma<\/b><\/span> kuma\u015flara \u00f6zel iki y\u0131kama-terbiye hatt\u0131; <span class=\"s1\"><b>6 ram\u00f6z hatt\u0131,<\/b><\/span>1 dinlendirme kurutucusu ve 1 s\u00fcrekli tambur, boyutsal stabiliteyi garanti eder.<\/p><\/li><li><p class=\"p1\">Mekanik ve kimyasal apre:\n6 adet \u0131slak-\u00fczerine-\u0131slak yumu\u015fatma hatt\u0131,\n4 adet kompakt\u00f6r (2\u2019si a\u00e7\u0131k en pul i\u015flemeye uygun),\n6 adet t\u00fcylendirme\/f\u0131r\u00e7alama makinesi,\n2 adet t\u0131ra\u015flama makinesi,\n7 adet anti-peeling tambur,\nve 1 adet karbon z\u0131mparalama \u00fcnitesi.<\/p><\/li><\/ul><p class=\"p1\"><b>Bask\u0131 ve Laminasyon<\/b><b><\/b><\/p><ul><li><p class=\"p1\"><span class=\"s1\"><b>4 rotasyon bask\u0131 makinesi,<\/b><\/span>, <span class=\"s1\"><b>5 y\u00fcksek \u00e7\u00f6z\u00fcn\u00fcrl\u00fckl\u00fc dijital inkjet yaz\u0131c\u0131<\/b><\/span> ve <span class=\"s1\"><b>5 s\u00fcblimasyon transfer presi<\/b><\/span> y\u0131lda 3,5 milyon m\u00b2'ye kadar bask\u0131l\u0131 kuma\u015f \u00fcretimini sa\u011flar; otomatik hamur haz\u0131rlama sistemi, renk tonu fark\u0131n\u0131 \u00b11 gram i\u00e7inde tutar.<\/p><\/li><li><p class=\"p1\"><span class=\"s1\"><b>2 laminasyon presi,<\/b><\/span> t\u00fcm y\u00fczey ya da panel yap\u0131\u015ft\u0131rma, folyo transferi ve membran laminasyon i\u015flemlerini su itici ve nefes alabilir iste\u011fe ba\u011fl\u0131 aprelerle ger\u00e7ekle\u015ftirir.<span class=\"Apple-converted-space\">\u00a0 <\/span><\/p><\/li><\/ul><p class=\"p1\"><b>\u00d6n Terbiye ve Y\u0131kama<\/b><b><\/b><\/p><ul><li><p class=\"p1\">Entegre gaz alma, ha\u015f\u0131l s\u00f6kme, so\u011fuk a\u011fartma ve merserizasyon hatlar\u0131, su t\u00fcketimini \u2019ye kadar azaltan <span class=\"s1\"><b>3 s\u00fcrekli y\u0131kama hatt\u0131na besleme<\/b><\/span> yapar.<\/p><\/li><\/ul><p class=\"p1\"><b>Kalite, Enerji ve S\u00fcrd\u00fcr\u00fclebilirlik<\/b><b><\/b><\/p><ul><li><p class=\"p1\"><span class=\"s1\"><b>15 hat i\u00e7i kontrol\/paketleme istasyonu,<\/b><\/span> ger\u00e7ek zamanl\u0131 hata haritalama ve otomatik rulo paketleme sa\u011flar.<span class=\"Apple-converted-space\">\u00a0 <\/span><\/p><\/li><li><p class=\"p1\">\u00c7at\u0131 \u00fcst\u00fc g\u00fcne\u015f enerjisi santrali, <span class=\"s1\"><b>y\u0131lda 5,5 GWh ye\u015fil elektrik sa\u011flar<\/b><\/span>ve ISO 14001 ile Higg uyumluluk hedeflerini destekler.<span class=\"Apple-converted-space\">\u00a0 <\/span><\/p><\/li><li><p class=\"p1\">D\u00fc\u015f\u00fck emisyonlu kazanlar, \u00e7evrim i\u00e7i kimyasal dozajlama ve tam at\u0131k su ar\u0131tma, operasyonlar\u0131 AB En \u0130yi Uygulama (BAT) e\u015fiklerinin olduk\u00e7a alt\u0131nda tutar.<\/p><\/li><\/ul>\t\t\t\t\t\t\t\t<\/div>\n\t\t\t\t<\/div>\n\t\t\t\t\t<\/div>\n\t\t<\/div>\n\t\t\t\t\t<\/div>\n\t\t<\/section>\n\t\t\t\t\t<\/div>\n\t\t<\/div>\n\t\t\t\t\t<\/div>\n\t\t<\/section>\n\t\t\t\t<section class=\"elementor-section elementor-top-section elementor-element elementor-element-49f1ced elementor-section-full_width elementor-section-height-default elementor-section-height-default\" data-id=\"49f1ced\" data-element_type=\"section\" data-settings=\"{&quot;background_background&quot;:&quot;classic&quot;,&quot;profecient_background_motion_effects_toggle&quot;:0,&quot;profecient_parallax_effects_toggle&quot;:0,&quot;profecient_mouse_effects_toggle&quot;:0}\">\n\t\t\t\t\t\t\t<div class=\"elementor-background-overlay\"><\/div>\n\t\t\t\t\t\t\t<div class=\"elementor-container elementor-column-gap-no\">\n\t\t\t\t\t<div class=\"elementor-column elementor-col-100 elementor-top-column elementor-element elementor-element-f4e59fd\" data-id=\"f4e59fd\" data-element_type=\"column\" data-settings=\"{&quot;profecient_background_motion_effects_toggle&quot;:0,&quot;profecient_parallax_effects_toggle&quot;:0,&quot;profecient_mouse_effects_toggle&quot;:0}\">\n\t\t\t<div class=\"elementor-widget-wrap\">\n\t\t\t\t\t\t\t<\/div>\n\t\t<\/div>\n\t\t\t\t\t<\/div>\n\t\t<\/section>\n\t\t\t\t<\/div>","protected":false},"excerpt":{"rendered":"<p>Machinery Line Knitting 138 circular knitting machines across Denizli (70) and Batman (68) cover gauges 18 \u2013 44, allowing single-jersey, rib, interlock and plated or standard three-thread fleece production; 20 machines are electronic jacquard-capable Five Karl Mayer warp-knitting lines (pile, spacer and tricot) deliver more than 6.8 million m\u00b2 of fabric annually Dyeing &amp; Finishing [&hellip;]<\/p>","protected":false},"author":1,"featured_media":-3,"parent":0,"menu_order":3,"comment_status":"closed","ping_status":"closed","template":"elementor_header_footer","meta":{"_monsterinsights_skip_tracking":false,"_monsterinsights_sitenote_active":false,"_monsterinsights_sitenote_note":"","_monsterinsights_sitenote_category":0,"footnotes":""},"class_list":["post-368","page","type-page","status-publish","has-post-thumbnail","hentry"],"aioseo_notices":[],"_links":{"self":[{"href":"https:\/\/www.gamateks.com\/tr\/wp-json\/wp\/v2\/pages\/368","targetHints":{"allow":["GET"]}}],"collection":[{"href":"https:\/\/www.gamateks.com\/tr\/wp-json\/wp\/v2\/pages"}],"about":[{"href":"https:\/\/www.gamateks.com\/tr\/wp-json\/wp\/v2\/types\/page"}],"author":[{"embeddable":true,"href":"https:\/\/www.gamateks.com\/tr\/wp-json\/wp\/v2\/users\/1"}],"replies":[{"embeddable":true,"href":"https:\/\/www.gamateks.com\/tr\/wp-json\/wp\/v2\/comments?post=368"}],"version-history":[{"count":0,"href":"https:\/\/www.gamateks.com\/tr\/wp-json\/wp\/v2\/pages\/368\/revisions"}],"wp:featuredmedia":[{"embeddable":true,"href":"https:\/\/www.gamateks.com\/tr\/wp-json\/"}],"wp:attachment":[{"href":"https:\/\/www.gamateks.com\/tr\/wp-json\/wp\/v2\/media?parent=368"}],"curies":[{"name":"wp","href":"https:\/\/api.w.org\/{rel}","templated":true}]}}