{"id":398,"date":"2025-03-12T09:32:39","date_gmt":"2025-03-12T06:32:39","guid":{"rendered":"https:\/\/www.gamateks.com\/?page_id=398"},"modified":"2025-04-07T04:11:56","modified_gmt":"2025-04-07T01:11:56","slug":"quality","status":"publish","type":"page","link":"https:\/\/www.gamateks.com\/tr\/gamateks\/quality\/","title":{"rendered":"Kalite"},"content":{"rendered":"<div data-elementor-type=\"wp-page\" data-elementor-id=\"398\" class=\"elementor elementor-398\">\n\t\t\t\t\t\t<section class=\"elementor-section elementor-top-section elementor-element elementor-element-3a7b140a elementor-section-full_width elementor-section-height-default elementor-section-height-default\" data-id=\"3a7b140a\" data-element_type=\"section\" data-settings=\"{&quot;background_background&quot;:&quot;gradient&quot;,&quot;profecient_background_motion_effects_toggle&quot;:0,&quot;profecient_parallax_effects_toggle&quot;:0,&quot;profecient_mouse_effects_toggle&quot;:0}\">\n\t\t\t\t\t\t<div class=\"elementor-container elementor-column-gap-default\">\n\t\t\t\t\t<div class=\"elementor-column elementor-col-100 elementor-top-column elementor-element elementor-element-3252c28d\" data-id=\"3252c28d\" data-element_type=\"column\" data-settings=\"{&quot;profecient_background_motion_effects_toggle&quot;:0,&quot;profecient_parallax_effects_toggle&quot;:0,&quot;profecient_mouse_effects_toggle&quot;:0}\">\n\t\t\t<div class=\"elementor-widget-wrap elementor-element-populated\">\n\t\t\t\t\t\t<section class=\"elementor-section elementor-inner-section elementor-element elementor-element-2efe655 elementor-section-boxed elementor-section-height-default elementor-section-height-default\" data-id=\"2efe655\" data-element_type=\"section\" data-settings=\"{&quot;profecient_background_motion_effects_toggle&quot;:0,&quot;profecient_parallax_effects_toggle&quot;:0,&quot;profecient_mouse_effects_toggle&quot;:0}\">\n\t\t\t\t\t\t<div class=\"elementor-container elementor-column-gap-default\">\n\t\t\t\t\t<div class=\"elementor-column elementor-col-100 elementor-inner-column elementor-element elementor-element-426304ba\" data-id=\"426304ba\" data-element_type=\"column\" data-settings=\"{&quot;profecient_background_motion_effects_toggle&quot;:0,&quot;profecient_parallax_effects_toggle&quot;:0,&quot;profecient_mouse_effects_toggle&quot;:0}\">\n\t\t\t<div class=\"elementor-widget-wrap elementor-element-populated\">\n\t\t\t\t\t\t<div class=\"elementor-element elementor-element-4a0c0d1 elementor-widget elementor-widget-heading\" data-id=\"4a0c0d1\" data-element_type=\"widget\" data-settings=\"{&quot;profecient_parallax_effects_toggle&quot;:0,&quot;profecient_mouse_effects_toggle&quot;:0}\" data-widget_type=\"heading.default\">\n\t\t\t\t<div class=\"elementor-widget-container\">\n\t\t\t\t\t<h2 class=\"elementor-heading-title elementor-size-default\">Kalite<\/h2>\t\t\t\t<\/div>\n\t\t\t\t<\/div>\n\t\t\t\t<div class=\"elementor-element elementor-element-60743167 elementor-widget elementor-widget-text-editor\" data-id=\"60743167\" data-element_type=\"widget\" data-settings=\"{&quot;profecient_parallax_effects_toggle&quot;:0,&quot;profecient_mouse_effects_toggle&quot;:0}\" data-widget_type=\"text-editor.default\">\n\t\t\t\t<div class=\"elementor-widget-container\">\n\t\t\t\t\t\t\t\t\t<p><b>Gamateks\u00ae, m\u00fc\u015fteri ihtiya\u00e7 ve beklentilerini kaliteyle kar\u015f\u0131lamay\u0131 misyon edinmi\u015ftir. Ayr\u0131ca, yasal ve d\u00fczenleyici gerekliliklere uygun \u00fcretim yapmaktad\u0131r. Gamateks Entegre Y\u00f6netim Sistemi\u2019nin uygulanmas\u0131 ve geli\u015ftirilmesi, ISO 9001, ISO 14001 ve ISO 50001 standartlar\u0131 ile uyumlu hale getirilmi\u015ftir.<\/b><\/p><p>M\u00fc\u015fteri memnuniyetini art\u0131rmaya y\u00f6nelik kalite hedeflerimiz:<\/p><p>\u2022 S\u00fcrekli \u00fcr\u00fcn kalitesi geli\u015ftirme ve istikrar sa\u011flama<\/p><p>\u2022 Geni\u015f \u00fcr\u00fcn yelpazesi\u00a0<\/p><p>\u2022 Kurumsal imaj\u0131n geli\u015ftirilmesi<\/p><p>\u2022 Kurum k\u00fclt\u00fcr\u00fcn\u00fcn kalitesini g\u00fc\u00e7lendirmek ve geli\u015ftirmek<\/p><p>\u2022 M\u00fc\u015fterilerle ileti\u015fim, i\u015f birli\u011fine dayal\u0131 sorunlar\u0131n \u00e7\u00f6z\u00fcm\u00fcnde olumlu yakla\u015f\u0131m ve \u00e7al\u0131\u015fanlara verimli \u00e7al\u0131\u015fma ortam\u0131, e\u011fitim ve motivasyon sa\u011flanmas\u0131.<\/p><p>Gamateks\u00ae ekibi, Entegre Y\u00f6netim Sistemi\u2019nin uygulanmas\u0131 ve s\u00fcrekli iyile\u015ftirilmesi i\u00e7in a\u015fa\u011f\u0131daki ad\u0131mlar\u0131 takip eder:<\/p><p>\u2022 Kurum i\u00e7inde m\u00fc\u015fteri memnuniyetinin \u00f6nemi ile bu alandaki yasal ve d\u00fczenleyici gereklilikler<\/p><p>\u2022 Entegre politikaya kal\u0131c\u0131 uyumun sa\u011flanmas\u0131<\/p><p>\u2022 Entegre politikan\u0131n \u00f6zel hedeflerinin olu\u015fturulmas\u0131<\/p><p>\u2022 Liderlik y\u00f6netiminin de\u011ferlendirilmesi<\/p><p>Entegre Y\u00f6netim Sistemi\u2019ne y\u00f6nelik \u00f6neriler, Entegre El Kitab\u0131 ve ilgili prosed\u00fcrlerde sunulmakta olup, bu prosed\u00fcrler onay tarihinden itibaren t\u00fcm y\u00f6netim kademelerinde uygulanmaktad\u0131r.<\/p>\t\t\t\t\t\t\t\t<\/div>\n\t\t\t\t<\/div>\n\t\t\t\t\t<\/div>\n\t\t<\/div>\n\t\t\t\t\t<\/div>\n\t\t<\/section>\n\t\t\t\t\t<\/div>\n\t\t<\/div>\n\t\t\t\t\t<\/div>\n\t\t<\/section>\n\t\t\t\t<section class=\"elementor-section elementor-top-section elementor-element elementor-element-49f1ced elementor-section-full_width elementor-section-height-default elementor-section-height-default\" data-id=\"49f1ced\" data-element_type=\"section\" data-settings=\"{&quot;background_background&quot;:&quot;classic&quot;,&quot;profecient_background_motion_effects_toggle&quot;:0,&quot;profecient_parallax_effects_toggle&quot;:0,&quot;profecient_mouse_effects_toggle&quot;:0}\">\n\t\t\t\t\t\t\t<div class=\"elementor-background-overlay\"><\/div>\n\t\t\t\t\t\t\t<div class=\"elementor-container elementor-column-gap-no\">\n\t\t\t\t\t<div class=\"elementor-column elementor-col-100 elementor-top-column elementor-element elementor-element-f4e59fd\" data-id=\"f4e59fd\" data-element_type=\"column\" data-settings=\"{&quot;profecient_background_motion_effects_toggle&quot;:0,&quot;profecient_parallax_effects_toggle&quot;:0,&quot;profecient_mouse_effects_toggle&quot;:0}\">\n\t\t\t<div class=\"elementor-widget-wrap\">\n\t\t\t\t\t\t\t<\/div>\n\t\t<\/div>\n\t\t\t\t\t<\/div>\n\t\t<\/section>\n\t\t\t\t<\/div>","protected":false},"excerpt":{"rendered":"<p>Quality Gamateks\u00ae has got the mission of meeting customer needs and expectations with its quality. Besides, it produces according to legal and regulatory demands. Gamateks Integrated Management System implementation and development has been harmonized with ISO 9001 &amp; ISO 14001 &amp; ISO 50001 standards. Our quality goals to increase customer satisfaction: \u2022 Continuous product quality [&hellip;]<\/p>","protected":false},"author":1,"featured_media":-3,"parent":95,"menu_order":8,"comment_status":"closed","ping_status":"closed","template":"elementor_header_footer","meta":{"_monsterinsights_skip_tracking":false,"_monsterinsights_sitenote_active":false,"_monsterinsights_sitenote_note":"","_monsterinsights_sitenote_category":0,"footnotes":""},"class_list":["post-398","page","type-page","status-publish","has-post-thumbnail","hentry"],"aioseo_notices":[],"_links":{"self":[{"href":"https:\/\/www.gamateks.com\/tr\/wp-json\/wp\/v2\/pages\/398","targetHints":{"allow":["GET"]}}],"collection":[{"href":"https:\/\/www.gamateks.com\/tr\/wp-json\/wp\/v2\/pages"}],"about":[{"href":"https:\/\/www.gamateks.com\/tr\/wp-json\/wp\/v2\/types\/page"}],"author":[{"embeddable":true,"href":"https:\/\/www.gamateks.com\/tr\/wp-json\/wp\/v2\/users\/1"}],"replies":[{"embeddable":true,"href":"https:\/\/www.gamateks.com\/tr\/wp-json\/wp\/v2\/comments?post=398"}],"version-history":[{"count":0,"href":"https:\/\/www.gamateks.com\/tr\/wp-json\/wp\/v2\/pages\/398\/revisions"}],"up":[{"embeddable":true,"href":"https:\/\/www.gamateks.com\/tr\/wp-json\/wp\/v2\/pages\/95"}],"wp:featuredmedia":[{"embeddable":true,"href":"https:\/\/www.gamateks.com\/tr\/wp-json\/"}],"wp:attachment":[{"href":"https:\/\/www.gamateks.com\/tr\/wp-json\/wp\/v2\/media?parent=398"}],"curies":[{"name":"wp","href":"https:\/\/api.w.org\/{rel}","templated":true}]}}