{"id":98,"date":"2025-03-06T13:37:15","date_gmt":"2025-03-06T10:37:15","guid":{"rendered":"https:\/\/www.gamateks.com\/faq\/"},"modified":"2025-04-25T06:41:40","modified_gmt":"2025-04-25T03:41:40","slug":"faq","status":"publish","type":"page","link":"https:\/\/www.gamateks.com\/tr\/faq\/","title":{"rendered":"S.S.S."},"content":{"rendered":"<div data-elementor-type=\"wp-page\" data-elementor-id=\"98\" class=\"elementor elementor-98\">\n\t\t\t\t\t\t<section class=\"elementor-section elementor-top-section elementor-element elementor-element-ce27f1d elementor-section-full_width elementor-section-height-default elementor-section-height-default\" data-id=\"ce27f1d\" data-element_type=\"section\" data-settings=\"{&quot;background_background&quot;:&quot;gradient&quot;,&quot;profecient_background_motion_effects_toggle&quot;:0,&quot;profecient_parallax_effects_toggle&quot;:0,&quot;profecient_mouse_effects_toggle&quot;:0}\">\n\t\t\t\t\t\t<div class=\"elementor-container elementor-column-gap-default\">\n\t\t\t\t\t<div class=\"elementor-column elementor-col-100 elementor-top-column elementor-element elementor-element-3b501f7f\" data-id=\"3b501f7f\" data-element_type=\"column\" data-settings=\"{&quot;profecient_background_motion_effects_toggle&quot;:0,&quot;profecient_parallax_effects_toggle&quot;:0,&quot;profecient_mouse_effects_toggle&quot;:0}\">\n\t\t\t<div class=\"elementor-widget-wrap elementor-element-populated\">\n\t\t\t\t\t\t<section class=\"elementor-section elementor-inner-section elementor-element elementor-element-69fddde0 profecient-mouse-effects-yes profecient-mouse-effects-yes elementor-section-boxed elementor-section-height-default elementor-section-height-default\" data-id=\"69fddde0\" data-element_type=\"section\" data-settings=\"{&quot;background_background&quot;:&quot;classic&quot;,&quot;profecient_background_motion_effects_toggle&quot;:&quot;yes&quot;,&quot;profecient_background_motion_effects_background_width_responsive&quot;:{&quot;unit&quot;:&quot;px&quot;,&quot;size&quot;:107,&quot;sizes&quot;:&quot;&quot;},&quot;profecient_background_motion_effects_background_height_responsive&quot;:{&quot;unit&quot;:&quot;px&quot;,&quot;size&quot;:108,&quot;sizes&quot;:&quot;&quot;},&quot;profecient_background_motion_effects_position_left_responsive&quot;:{&quot;unit&quot;:&quot;px&quot;,&quot;size&quot;:-3,&quot;sizes&quot;:&quot;&quot;},&quot;profecient_background_motion_effects_position_top_responsive&quot;:{&quot;unit&quot;:&quot;px&quot;,&quot;size&quot;:-4,&quot;sizes&quot;:&quot;&quot;},&quot;profecient_background_mouse_effects_toggle&quot;:&quot;yes&quot;,&quot;profecient_background_mouse_effects_track_popover_start&quot;:&quot;yes&quot;,&quot;profecient_background_mouse_effects_track_speed_responsive_mobile&quot;:{&quot;unit&quot;:&quot;px&quot;,&quot;size&quot;:0,&quot;sizes&quot;:[]},&quot;profecient_background_motion_effects_background_width_responsive_tablet&quot;:{&quot;unit&quot;:&quot;px&quot;,&quot;size&quot;:&quot;&quot;,&quot;sizes&quot;:[]},&quot;profecient_background_motion_effects_background_width_responsive_mobile&quot;:{&quot;unit&quot;:&quot;px&quot;,&quot;size&quot;:&quot;&quot;,&quot;sizes&quot;:[]},&quot;profecient_background_motion_effects_background_height_responsive_tablet&quot;:{&quot;unit&quot;:&quot;px&quot;,&quot;size&quot;:&quot;&quot;,&quot;sizes&quot;:[]},&quot;profecient_background_motion_effects_background_height_responsive_mobile&quot;:{&quot;unit&quot;:&quot;px&quot;,&quot;size&quot;:&quot;&quot;,&quot;sizes&quot;:[]},&quot;profecient_background_motion_effects_position_left_responsive_tablet&quot;:{&quot;unit&quot;:&quot;px&quot;,&quot;size&quot;:&quot;&quot;,&quot;sizes&quot;:[]},&quot;profecient_background_motion_effects_position_left_responsive_mobile&quot;:{&quot;unit&quot;:&quot;px&quot;,&quot;size&quot;:&quot;&quot;,&quot;sizes&quot;:[]},&quot;profecient_background_motion_effects_position_top_responsive_tablet&quot;:{&quot;unit&quot;:&quot;px&quot;,&quot;size&quot;:&quot;&quot;,&quot;sizes&quot;:[]},&quot;profecient_background_motion_effects_position_top_responsive_mobile&quot;:{&quot;unit&quot;:&quot;px&quot;,&quot;size&quot;:&quot;&quot;,&quot;sizes&quot;:[]},&quot;profecient_background_mouse_effects_track_direction&quot;:&quot;direct&quot;,&quot;profecient_background_mouse_effects_track_speed_responsive&quot;:{&quot;unit&quot;:&quot;px&quot;,&quot;size&quot;:1,&quot;sizes&quot;:&quot;&quot;},&quot;profecient_background_mouse_effects_track_speed_responsive_tablet&quot;:{&quot;unit&quot;:&quot;px&quot;,&quot;size&quot;:&quot;&quot;,&quot;sizes&quot;:[]},&quot;profecient_background_parallax_background_color_animation_viewport&quot;:{&quot;unit&quot;:&quot;%&quot;,&quot;size&quot;:&quot;&quot;,&quot;sizes&quot;:{&quot;start&quot;:0,&quot;end&quot;:100}},&quot;profecient_parallax_effects_toggle&quot;:0,&quot;profecient_mouse_effects_toggle&quot;:0}\">\n\t\t\t\t\t\t\t<div class=\"elementor-background-overlay\"><\/div>\n\t\t\t\t\t\t\t<div class=\"elementor-container elementor-column-gap-default\">\n\t\t\t\t\t<div class=\"elementor-column elementor-col-100 elementor-inner-column elementor-element elementor-element-3e8b9fde\" data-id=\"3e8b9fde\" data-element_type=\"column\" data-settings=\"{&quot;profecient_background_motion_effects_toggle&quot;:0,&quot;profecient_parallax_effects_toggle&quot;:0,&quot;profecient_mouse_effects_toggle&quot;:0}\">\n\t\t\t<div class=\"elementor-widget-wrap elementor-element-populated\">\n\t\t\t\t\t\t<div class=\"elementor-element elementor-element-75e51220 elementor-widget elementor-widget-spacer\" data-id=\"75e51220\" data-element_type=\"widget\" data-settings=\"{&quot;profecient_parallax_effects_toggle&quot;:0,&quot;profecient_mouse_effects_toggle&quot;:0}\" data-widget_type=\"spacer.default\">\n\t\t\t\t<div class=\"elementor-widget-container\">\n\t\t\t\t\t\t\t<div class=\"elementor-spacer\">\n\t\t\t<div class=\"elementor-spacer-inner\"><\/div>\n\t\t<\/div>\n\t\t\t\t\t\t<\/div>\n\t\t\t\t<\/div>\n\t\t\t\t\t<\/div>\n\t\t<\/div>\n\t\t\t\t\t<\/div>\n\t\t<\/section>\n\t\t\t\t<section class=\"elementor-section elementor-inner-section elementor-element elementor-element-512ce6d8 elementor-section-boxed elementor-section-height-default elementor-section-height-default\" data-id=\"512ce6d8\" data-element_type=\"section\" data-settings=\"{&quot;background_background&quot;:&quot;classic&quot;,&quot;profecient_background_motion_effects_toggle&quot;:0,&quot;profecient_parallax_effects_toggle&quot;:0,&quot;profecient_mouse_effects_toggle&quot;:0}\">\n\t\t\t\t\t\t<div class=\"elementor-container elementor-column-gap-default\">\n\t\t\t\t\t<div class=\"elementor-column elementor-col-50 elementor-inner-column elementor-element elementor-element-6ea30d95\" data-id=\"6ea30d95\" data-element_type=\"column\" data-settings=\"{&quot;profecient_background_motion_effects_toggle&quot;:0,&quot;profecient_parallax_effects_toggle&quot;:0,&quot;profecient_mouse_effects_toggle&quot;:0}\">\n\t\t\t<div class=\"elementor-widget-wrap elementor-element-populated\">\n\t\t\t\t\t\t<div class=\"elementor-element elementor-element-31bf7bd4 elementor-widget__width-auto elementor-widget elementor-widget-heading\" data-id=\"31bf7bd4\" data-element_type=\"widget\" data-settings=\"{&quot;profecient_parallax_effects_toggle&quot;:0,&quot;profecient_mouse_effects_toggle&quot;:0}\" data-widget_type=\"heading.default\">\n\t\t\t\t<div class=\"elementor-widget-container\">\n\t\t\t\t\t<h2 class=\"elementor-heading-title elementor-size-default\">S.S.S.<\/h2>\t\t\t\t<\/div>\n\t\t\t\t<\/div>\n\t\t\t\t<div class=\"elementor-element elementor-element-3acd30ad elementor-widget elementor-widget-heading\" data-id=\"3acd30ad\" data-element_type=\"widget\" data-settings=\"{&quot;profecient_parallax_effects_toggle&quot;:0,&quot;profecient_mouse_effects_toggle&quot;:0}\" data-widget_type=\"heading.default\">\n\t\t\t\t<div class=\"elementor-widget-container\">\n\t\t\t\t\t<h2 class=\"elementor-heading-title elementor-size-default\">S\u0131k\u00e7a Sorulan Sorular<\/h2>\t\t\t\t<\/div>\n\t\t\t\t<\/div>\n\t\t\t\t\t<\/div>\n\t\t<\/div>\n\t\t\t\t<div class=\"elementor-column elementor-col-50 elementor-inner-column elementor-element elementor-element-729d986a\" data-id=\"729d986a\" data-element_type=\"column\" data-settings=\"{&quot;profecient_background_motion_effects_toggle&quot;:0,&quot;profecient_parallax_effects_toggle&quot;:0,&quot;profecient_mouse_effects_toggle&quot;:0}\">\n\t\t\t<div class=\"elementor-widget-wrap elementor-element-populated\">\n\t\t\t\t\t\t<div class=\"elementor-element elementor-element-32f3444 elementor-widget__width-auto elementor-absolute profecient-parallax-yes elementor-hidden-tablet elementor-hidden-mobile elementor-widget elementor-widget-image\" data-id=\"32f3444\" data-element_type=\"widget\" data-settings=\"{&quot;_position&quot;:&quot;absolute&quot;,&quot;profecient_parallax_effects_rotate_css_unit&quot;:&quot;deg&quot;,&quot;profecient_parallax_effects_transition_property&quot;:&quot;transform, filter&quot;,&quot;profecient_parallax_effects_transition_duration&quot;:&quot;800ms&quot;,&quot;profecient_parallax_effects_transition_easing&quot;:&quot;ease-out&quot;,&quot;profecient_parallax_effects_toggle&quot;:&quot;yes&quot;,&quot;profecient_parallax_effects_rotate_popover_start&quot;:&quot;yes&quot;,&quot;profecient_parallax_effects_rotate_start_responsive&quot;:{&quot;unit&quot;:&quot;px&quot;,&quot;size&quot;:-580,&quot;sizes&quot;:&quot;&quot;},&quot;profecient_parallax_effects_rotate_animation_viewport&quot;:{&quot;unit&quot;:&quot;%&quot;,&quot;size&quot;:&quot;&quot;,&quot;sizes&quot;:{&quot;start&quot;:0,&quot;end&quot;:45}},&quot;profecient_parallax_effects_scale_popover_start&quot;:&quot;yes&quot;,&quot;profecient_parallax_effects_scale_start_responsive&quot;:{&quot;unit&quot;:&quot;px&quot;,&quot;size&quot;:0.6,&quot;sizes&quot;:&quot;&quot;},&quot;profecient_parallax_effects_scale_animation_viewport&quot;:{&quot;unit&quot;:&quot;%&quot;,&quot;size&quot;:&quot;&quot;,&quot;sizes&quot;:{&quot;start&quot;:0,&quot;end&quot;:50}},&quot;profecient_parallax_effects_sepia_popover_start&quot;:&quot;yes&quot;,&quot;profecient_parallax_effects_sepia_start_responsive&quot;:{&quot;unit&quot;:&quot;px&quot;,&quot;size&quot;:1,&quot;sizes&quot;:&quot;&quot;},&quot;profecient_parallax_effects_sepia_animation_viewport&quot;:{&quot;unit&quot;:&quot;%&quot;,&quot;size&quot;:&quot;&quot;,&quot;sizes&quot;:{&quot;start&quot;:20,&quot;end&quot;:100}},&quot;profecient_parallax_effects_transition_popover_start&quot;:&quot;yes&quot;,&quot;profecient_parallax_effects_rotate_start_responsive_tablet&quot;:{&quot;unit&quot;:&quot;px&quot;,&quot;size&quot;:&quot;&quot;,&quot;sizes&quot;:[]},&quot;profecient_parallax_effects_rotate_start_responsive_mobile&quot;:{&quot;unit&quot;:&quot;px&quot;,&quot;size&quot;:&quot;&quot;,&quot;sizes&quot;:[]},&quot;profecient_parallax_effects_rotate_end_responsive&quot;:{&quot;unit&quot;:&quot;px&quot;,&quot;size&quot;:0,&quot;sizes&quot;:&quot;&quot;},&quot;profecient_parallax_effects_rotate_end_responsive_tablet&quot;:{&quot;unit&quot;:&quot;px&quot;,&quot;size&quot;:&quot;&quot;,&quot;sizes&quot;:[]},&quot;profecient_parallax_effects_rotate_end_responsive_mobile&quot;:{&quot;unit&quot;:&quot;px&quot;,&quot;size&quot;:&quot;&quot;,&quot;sizes&quot;:[]},&quot;profecient_parallax_effects_x_transform_origin_responsive&quot;:{&quot;unit&quot;:&quot;%&quot;,&quot;size&quot;:50,&quot;sizes&quot;:&quot;&quot;},&quot;profecient_parallax_effects_x_transform_origin_responsive_tablet&quot;:{&quot;unit&quot;:&quot;%&quot;,&quot;size&quot;:&quot;&quot;,&quot;sizes&quot;:[]},&quot;profecient_parallax_effects_x_transform_origin_responsive_mobile&quot;:{&quot;unit&quot;:&quot;%&quot;,&quot;size&quot;:&quot;&quot;,&quot;sizes&quot;:[]},&quot;profecient_parallax_effects_y_transform_origin_responsive&quot;:{&quot;unit&quot;:&quot;%&quot;,&quot;size&quot;:50,&quot;sizes&quot;:&quot;&quot;},&quot;profecient_parallax_effects_y_transform_origin_responsive_tablet&quot;:{&quot;unit&quot;:&quot;%&quot;,&quot;size&quot;:&quot;&quot;,&quot;sizes&quot;:[]},&quot;profecient_parallax_effects_y_transform_origin_responsive_mobile&quot;:{&quot;unit&quot;:&quot;%&quot;,&quot;size&quot;:&quot;&quot;,&quot;sizes&quot;:[]},&quot;profecient_parallax_effects_rotate_relative_animation_viewport&quot;:&quot;element&quot;,&quot;profecient_parallax_effects_scale_start_responsive_tablet&quot;:{&quot;unit&quot;:&quot;px&quot;,&quot;size&quot;:&quot;&quot;,&quot;sizes&quot;:[]},&quot;profecient_parallax_effects_scale_start_responsive_mobile&quot;:{&quot;unit&quot;:&quot;px&quot;,&quot;size&quot;:&quot;&quot;,&quot;sizes&quot;:[]},&quot;profecient_parallax_effects_scale_end_responsive&quot;:{&quot;unit&quot;:&quot;px&quot;,&quot;size&quot;:1,&quot;sizes&quot;:&quot;&quot;},&quot;profecient_parallax_effects_scale_end_responsive_tablet&quot;:{&quot;unit&quot;:&quot;px&quot;,&quot;size&quot;:&quot;&quot;,&quot;sizes&quot;:[]},&quot;profecient_parallax_effects_scale_end_responsive_mobile&quot;:{&quot;unit&quot;:&quot;px&quot;,&quot;size&quot;:&quot;&quot;,&quot;sizes&quot;:[]},&quot;profecient_parallax_effects_scale_relative_animation_viewport&quot;:&quot;element&quot;,&quot;profecient_parallax_effects_sepia_start_responsive_tablet&quot;:{&quot;unit&quot;:&quot;px&quot;,&quot;size&quot;:&quot;&quot;,&quot;sizes&quot;:[]},&quot;profecient_parallax_effects_sepia_start_responsive_mobile&quot;:{&quot;unit&quot;:&quot;px&quot;,&quot;size&quot;:&quot;&quot;,&quot;sizes&quot;:[]},&quot;profecient_parallax_effects_sepia_end_responsive&quot;:{&quot;unit&quot;:&quot;px&quot;,&quot;size&quot;:0,&quot;sizes&quot;:&quot;&quot;},&quot;profecient_parallax_effects_sepia_end_responsive_tablet&quot;:{&quot;unit&quot;:&quot;px&quot;,&quot;size&quot;:&quot;&quot;,&quot;sizes&quot;:[]},&quot;profecient_parallax_effects_sepia_end_responsive_mobile&quot;:{&quot;unit&quot;:&quot;px&quot;,&quot;size&quot;:&quot;&quot;,&quot;sizes&quot;:[]},&quot;profecient_parallax_effects_sepia_relative_animation_viewport&quot;:&quot;element&quot;,&quot;profecient_mouse_effects_toggle&quot;:0}\" data-widget_type=\"image.default\">\n\t\t\t\t<div class=\"elementor-widget-container\">\n\t\t\t\t\t\t\t\t\t\t\t\t\t\t\t<img fetchpriority=\"high\" decoding=\"async\" width=\"232\" height=\"233\" src=\"https:\/\/www.gamateks.com\/wp-content\/uploads\/2025\/03\/04-savee-sticker.webp\" class=\"attachment-large size-large wp-image-39\" alt=\"\" srcset=\"https:\/\/www.gamateks.com\/wp-content\/uploads\/2025\/03\/04-savee-sticker.webp 232w, https:\/\/www.gamateks.com\/wp-content\/uploads\/2025\/03\/04-savee-sticker-150x150.webp 150w\" sizes=\"(max-width: 232px) 100vw, 232px\" \/>\t\t\t\t\t\t\t\t\t\t\t\t\t\t\t<\/div>\n\t\t\t\t<\/div>\n\t\t\t\t<div class=\"elementor-element elementor-element-49813654 elementor-widget elementor-widget-text-editor\" data-id=\"49813654\" data-element_type=\"widget\" data-settings=\"{&quot;profecient_parallax_effects_toggle&quot;:0,&quot;profecient_mouse_effects_toggle&quot;:0}\" data-widget_type=\"text-editor.default\">\n\t\t\t\t<div class=\"elementor-widget-container\">\n\t\t\t\t\t\t\t\t\t<p>Gamateks hakk\u0131nda en s\u0131k sorulan sorular\u0131n yan\u0131tlar\u0131n\u0131 burada bulabilirsiniz. Daha fazla bilgiye ihtiyac\u0131n\u0131z olursa, bizimle ileti\u015fime ge\u00e7mekten \u00e7ekinmeyin!<\/p>\t\t\t\t\t\t\t\t<\/div>\n\t\t\t\t<\/div>\n\t\t\t\t\t<\/div>\n\t\t<\/div>\n\t\t\t\t\t<\/div>\n\t\t<\/section>\n\t\t\t\t\t<\/div>\n\t\t<\/div>\n\t\t\t\t\t<\/div>\n\t\t<\/section>\n\t\t\t\t<section class=\"elementor-section elementor-top-section elementor-element elementor-element-19076dbb elementor-section-boxed elementor-section-height-default elementor-section-height-default\" data-id=\"19076dbb\" data-element_type=\"section\" data-settings=\"{&quot;background_background&quot;:&quot;classic&quot;,&quot;profecient_background_motion_effects_toggle&quot;:0,&quot;profecient_parallax_effects_toggle&quot;:0,&quot;profecient_mouse_effects_toggle&quot;:0}\">\n\t\t\t\t\t\t<div class=\"elementor-container elementor-column-gap-no\">\n\t\t\t\t\t<div class=\"elementor-column elementor-col-100 elementor-top-column elementor-element elementor-element-56654415\" data-id=\"56654415\" data-element_type=\"column\" data-settings=\"{&quot;profecient_background_motion_effects_toggle&quot;:0,&quot;profecient_parallax_effects_toggle&quot;:0,&quot;profecient_mouse_effects_toggle&quot;:0}\">\n\t\t\t<div class=\"elementor-widget-wrap elementor-element-populated\">\n\t\t\t\t\t\t<section class=\"elementor-section elementor-inner-section elementor-element elementor-element-23c81389 elementor-section-boxed elementor-section-height-default elementor-section-height-default\" data-id=\"23c81389\" data-element_type=\"section\" data-settings=\"{&quot;profecient_background_motion_effects_toggle&quot;:0,&quot;profecient_parallax_effects_toggle&quot;:0,&quot;profecient_mouse_effects_toggle&quot;:0}\">\n\t\t\t\t\t\t<div class=\"elementor-container elementor-column-gap-no\">\n\t\t\t\t\t<div class=\"elementor-column elementor-col-100 elementor-inner-column elementor-element elementor-element-6ca0a519\" data-id=\"6ca0a519\" data-element_type=\"column\" data-settings=\"{&quot;profecient_background_motion_effects_toggle&quot;:0,&quot;profecient_parallax_effects_toggle&quot;:0,&quot;profecient_mouse_effects_toggle&quot;:0}\">\n\t\t\t<div class=\"elementor-widget-wrap elementor-element-populated\">\n\t\t\t\t\t\t<div class=\"elementor-element elementor-element-1afe8b9 elementor-widget elementor-widget-jkit_accordion\" data-id=\"1afe8b9\" data-element_type=\"widget\" data-settings=\"{&quot;profecient_parallax_effects_toggle&quot;:0,&quot;profecient_mouse_effects_toggle&quot;:0}\" data-widget_type=\"jkit_accordion.default\">\n\t\t\t\t<div class=\"elementor-widget-container\">\n\t\t\t\t\t<div  class=\"jeg-elementor-kit jkit-accordion style-default jeg_module___69e35d698f6aa\" ><div class=\"card-wrapper expand\">\n                <div class=\"card-header\">\n                    <a href=\"#expand-c0008f7\" class=\"card-header-button\" aria-expanded=\"false\" data-target=\"#expand-c0008f7\" aria-controls=\"expand-c0008f7\">\n                        <span class=\"title\">Gamateks hangi tekstil \u00fcr\u00fcnlerini \u00fcretmektedir?<\/span><div class=\"right-icon-group\">\n                <div class=\"normal-icon\"><svg xmlns=\"http:\/\/www.w3.org\/2000\/svg\" xmlns:xlink=\"http:\/\/www.w3.org\/1999\/xlink\" id=\"pajamas-chevron-up\" x=\"0px\" y=\"0px\" viewbox=\"0 0 24 24\" style=\"enable-background:new 0 0 24 24;\" xml:space=\"preserve\"><style type=\"text\/css\">\t.pajamas-chevron-up{fill-rule:evenodd;clip-rule:evenodd;}<\/style><g>\t<g>\t\t<path class=\"pajamas-chevron-up\" d=\"M0.7,18.5c0.4,0.4,1,0.7,1.6,0.7s1.2-0.2,1.6-0.7l8.1-8.1l8.1,8.1c0.2,0.2,0.5,0.4,0.7,0.5   c0.3,0.1,0.6,0.2,0.9,0.2s0.6-0.1,0.9-0.2c0.3-0.1,0.5-0.3,0.7-0.5c0.2-0.2,0.4-0.5,0.5-0.7c0.1-0.3,0.2-0.6,0.2-0.9   s-0.1-0.6-0.2-0.9c-0.1-0.3-0.3-0.5-0.5-0.7l-9.7-9.7c-0.4-0.4-1-0.7-1.6-0.7s-1.2,0.2-1.6,0.7l-9.7,9.7c-0.5,0.4-0.7,1-0.7,1.6   S0.2,18.1,0.7,18.5z\"><\/path>\t<\/g><\/g><\/svg><\/div>\n                <div class=\"active-icon\"><svg xmlns=\"http:\/\/www.w3.org\/2000\/svg\" xmlns:xlink=\"http:\/\/www.w3.org\/1999\/xlink\" id=\"pajamas-chevron-down\" x=\"0px\" y=\"0px\" viewbox=\"0 0 24 24\" style=\"enable-background:new 0 0 24 24;\" xml:space=\"preserve\"><style type=\"text\/css\">\t.st0{fill-rule:evenodd;clip-rule:evenodd;}<\/style><g>\t<g>\t\t<path class=\"st0\" d=\"M0.7,5.6c0.4-0.4,1-0.7,1.6-0.7s1.2,0.2,1.6,0.7l8.1,8.1l8.1-8.1c0.2-0.2,0.5-0.4,0.7-0.5   c0.3-0.1,0.6-0.2,0.9-0.2c0.3,0,0.6,0.1,0.9,0.2s0.5,0.3,0.7,0.5s0.4,0.5,0.5,0.7C23.9,6.6,24,6.9,24,7.2s-0.1,0.6-0.2,0.9   c-0.1,0.3-0.3,0.5-0.5,0.7l-9.7,9.7c-0.4,0.4-1,0.7-1.6,0.7s-1.2-0.2-1.6-0.7L0.7,8.8C0.2,8.4,0,7.8,0,7.2S0.2,6,0.7,5.6z\"><\/path>\t<\/g><\/g><\/svg><\/div>\n            <\/div>\n                    <\/a>\n                <\/div>\n                <div class=\"card-expand\" id=\"expand-c0008f7\" style=\"display:block\"><div class=\"card-body\"><p>Gamateks, \u00f6rme kuma\u015flar, ev tekstili, ev giyimi, d\u0131\u015f giyim ve spor tekstilleri \u00fcretmektedir. \u00dcr\u00fcnlerimiz, y\u00fcksek kalite standartlar\u0131n\u0131 kar\u015f\u0131layacak \u015fekilde tasarlanmakta ve \u00fcretilmektedir.<\/p><\/div><\/div>\n            <\/div><div class=\"card-wrapper\">\n                <div class=\"card-header\">\n                    <a href=\"#expand-9d5ce83\" class=\"card-header-button\" aria-expanded=\"false\" data-target=\"#expand-9d5ce83\" aria-controls=\"expand-9d5ce83\">\n                        <span class=\"title\">S\u00fcrd\u00fcr\u00fclebilirlik ile ilgili hangi giri\u015fimleriniz var?<\/span><div class=\"right-icon-group\">\n                <div class=\"normal-icon\"><svg xmlns=\"http:\/\/www.w3.org\/2000\/svg\" xmlns:xlink=\"http:\/\/www.w3.org\/1999\/xlink\" id=\"pajamas-chevron-up\" x=\"0px\" y=\"0px\" viewbox=\"0 0 24 24\" style=\"enable-background:new 0 0 24 24;\" xml:space=\"preserve\"><style type=\"text\/css\">\t.pajamas-chevron-up{fill-rule:evenodd;clip-rule:evenodd;}<\/style><g>\t<g>\t\t<path class=\"pajamas-chevron-up\" d=\"M0.7,18.5c0.4,0.4,1,0.7,1.6,0.7s1.2-0.2,1.6-0.7l8.1-8.1l8.1,8.1c0.2,0.2,0.5,0.4,0.7,0.5   c0.3,0.1,0.6,0.2,0.9,0.2s0.6-0.1,0.9-0.2c0.3-0.1,0.5-0.3,0.7-0.5c0.2-0.2,0.4-0.5,0.5-0.7c0.1-0.3,0.2-0.6,0.2-0.9   s-0.1-0.6-0.2-0.9c-0.1-0.3-0.3-0.5-0.5-0.7l-9.7-9.7c-0.4-0.4-1-0.7-1.6-0.7s-1.2,0.2-1.6,0.7l-9.7,9.7c-0.5,0.4-0.7,1-0.7,1.6   S0.2,18.1,0.7,18.5z\"><\/path>\t<\/g><\/g><\/svg><\/div>\n                <div class=\"active-icon\"><svg xmlns=\"http:\/\/www.w3.org\/2000\/svg\" xmlns:xlink=\"http:\/\/www.w3.org\/1999\/xlink\" id=\"pajamas-chevron-down\" x=\"0px\" y=\"0px\" viewbox=\"0 0 24 24\" style=\"enable-background:new 0 0 24 24;\" xml:space=\"preserve\"><style type=\"text\/css\">\t.st0{fill-rule:evenodd;clip-rule:evenodd;}<\/style><g>\t<g>\t\t<path class=\"st0\" d=\"M0.7,5.6c0.4-0.4,1-0.7,1.6-0.7s1.2,0.2,1.6,0.7l8.1,8.1l8.1-8.1c0.2-0.2,0.5-0.4,0.7-0.5   c0.3-0.1,0.6-0.2,0.9-0.2c0.3,0,0.6,0.1,0.9,0.2s0.5,0.3,0.7,0.5s0.4,0.5,0.5,0.7C23.9,6.6,24,6.9,24,7.2s-0.1,0.6-0.2,0.9   c-0.1,0.3-0.3,0.5-0.5,0.7l-9.7,9.7c-0.4,0.4-1,0.7-1.6,0.7s-1.2-0.2-1.6-0.7L0.7,8.8C0.2,8.4,0,7.8,0,7.2S0.2,6,0.7,5.6z\"><\/path>\t<\/g><\/g><\/svg><\/div>\n            <\/div>\n                    <\/a>\n                <\/div>\n                <div class=\"card-expand\" id=\"expand-9d5ce83\" style=\"display:none\"><div class=\"card-body\"><p>Gamateks olarak \u00e7evre dostu \u00fcretim s\u00fcre\u00e7lerini \u00f6nceliklendiriyoruz. Ekolojik boya tesisimiz s\u00fcrd\u00fcr\u00fclebilir \u00fcretimi garanti alt\u0131na al\u0131rken, geri d\u00f6n\u00fc\u015ft\u00fcr\u00fclebilir malzemeler kullan\u0131yor ve WWF ile birlikte temiz \u00fcretim projelerinde i\u015f birli\u011fi yap\u0131yoruz.<\/p><\/div><\/div>\n            <\/div><div class=\"card-wrapper\">\n                <div class=\"card-header\">\n                    <a href=\"#expand-d4bc511\" class=\"card-header-button\" aria-expanded=\"false\" data-target=\"#expand-d4bc511\" aria-controls=\"expand-d4bc511\">\n                        <span class=\"title\">Gamateks ile nas\u0131l i\u015f birli\u011fi yapabilirim?<\/span><div class=\"right-icon-group\">\n                <div class=\"normal-icon\"><svg xmlns=\"http:\/\/www.w3.org\/2000\/svg\" xmlns:xlink=\"http:\/\/www.w3.org\/1999\/xlink\" id=\"pajamas-chevron-up\" x=\"0px\" y=\"0px\" viewbox=\"0 0 24 24\" style=\"enable-background:new 0 0 24 24;\" xml:space=\"preserve\"><style type=\"text\/css\">\t.pajamas-chevron-up{fill-rule:evenodd;clip-rule:evenodd;}<\/style><g>\t<g>\t\t<path class=\"pajamas-chevron-up\" d=\"M0.7,18.5c0.4,0.4,1,0.7,1.6,0.7s1.2-0.2,1.6-0.7l8.1-8.1l8.1,8.1c0.2,0.2,0.5,0.4,0.7,0.5   c0.3,0.1,0.6,0.2,0.9,0.2s0.6-0.1,0.9-0.2c0.3-0.1,0.5-0.3,0.7-0.5c0.2-0.2,0.4-0.5,0.5-0.7c0.1-0.3,0.2-0.6,0.2-0.9   s-0.1-0.6-0.2-0.9c-0.1-0.3-0.3-0.5-0.5-0.7l-9.7-9.7c-0.4-0.4-1-0.7-1.6-0.7s-1.2,0.2-1.6,0.7l-9.7,9.7c-0.5,0.4-0.7,1-0.7,1.6   S0.2,18.1,0.7,18.5z\"><\/path>\t<\/g><\/g><\/svg><\/div>\n                <div class=\"active-icon\"><svg xmlns=\"http:\/\/www.w3.org\/2000\/svg\" xmlns:xlink=\"http:\/\/www.w3.org\/1999\/xlink\" id=\"pajamas-chevron-down\" x=\"0px\" y=\"0px\" viewbox=\"0 0 24 24\" style=\"enable-background:new 0 0 24 24;\" xml:space=\"preserve\"><style type=\"text\/css\">\t.st0{fill-rule:evenodd;clip-rule:evenodd;}<\/style><g>\t<g>\t\t<path class=\"st0\" d=\"M0.7,5.6c0.4-0.4,1-0.7,1.6-0.7s1.2,0.2,1.6,0.7l8.1,8.1l8.1-8.1c0.2-0.2,0.5-0.4,0.7-0.5   c0.3-0.1,0.6-0.2,0.9-0.2c0.3,0,0.6,0.1,0.9,0.2s0.5,0.3,0.7,0.5s0.4,0.5,0.5,0.7C23.9,6.6,24,6.9,24,7.2s-0.1,0.6-0.2,0.9   c-0.1,0.3-0.3,0.5-0.5,0.7l-9.7,9.7c-0.4,0.4-1,0.7-1.6,0.7s-1.2-0.2-1.6-0.7L0.7,8.8C0.2,8.4,0,7.8,0,7.2S0.2,6,0.7,5.6z\"><\/path>\t<\/g><\/g><\/svg><\/div>\n            <\/div>\n                    <\/a>\n                <\/div>\n                <div class=\"card-expand\" id=\"expand-d4bc511\" style=\"display:none\"><div class=\"card-body\"><p class=\" translation-block\">\u0130\u015f birli\u011fi f\u0131rsatlar\u0131 i\u00e7in bizimle [web sitemiz \u00fczerinden] ileti\u015fime ge\u00e7ebilir veya do\u011frudan e-posta ya da telefon yoluyla ula\u015fabilirsiniz. Uzman ekibimiz, tedarik ve \u00fcretim s\u00fcre\u00e7leriyle ilgili detaylarda size memnuniyetle yard\u0131mc\u0131 olacakt\u0131r.<\/p><\/div><\/div>\n            <\/div><\/div>\t\t\t\t<\/div>\n\t\t\t\t<\/div>\n\t\t\t\t\t<\/div>\n\t\t<\/div>\n\t\t\t\t\t<\/div>\n\t\t<\/section>\n\t\t\t\t\t<\/div>\n\t\t<\/div>\n\t\t\t\t\t<\/div>\n\t\t<\/section>\n\t\t\t\t<\/div>","protected":false},"excerpt":{"rendered":"<p>FAQ Frequently asked questions Find answers to the most common questions about Gamateks. If you need more details, feel free to contact us! What textile products does Gamateks manufacture? Gamateks produces knitted fabrics, home textiles, loungewear, outerwear, and sports textiles. Our products are designed and manufactured to meet high-quality standards. What sustainability initiatives do you [&hellip;]<\/p>","protected":false},"author":1,"featured_media":-3,"parent":0,"menu_order":18,"comment_status":"closed","ping_status":"closed","template":"elementor_header_footer","meta":{"_monsterinsights_skip_tracking":false,"_monsterinsights_sitenote_active":false,"_monsterinsights_sitenote_note":"","_monsterinsights_sitenote_category":0,"footnotes":""},"class_list":["post-98","page","type-page","status-publish","has-post-thumbnail","hentry"],"aioseo_notices":[],"_links":{"self":[{"href":"https:\/\/www.gamateks.com\/tr\/wp-json\/wp\/v2\/pages\/98","targetHints":{"allow":["GET"]}}],"collection":[{"href":"https:\/\/www.gamateks.com\/tr\/wp-json\/wp\/v2\/pages"}],"about":[{"href":"https:\/\/www.gamateks.com\/tr\/wp-json\/wp\/v2\/types\/page"}],"author":[{"embeddable":true,"href":"https:\/\/www.gamateks.com\/tr\/wp-json\/wp\/v2\/users\/1"}],"replies":[{"embeddable":true,"href":"https:\/\/www.gamateks.com\/tr\/wp-json\/wp\/v2\/comments?post=98"}],"version-history":[{"count":0,"href":"https:\/\/www.gamateks.com\/tr\/wp-json\/wp\/v2\/pages\/98\/revisions"}],"wp:featuredmedia":[{"embeddable":true,"href":"https:\/\/www.gamateks.com\/tr\/wp-json\/"}],"wp:attachment":[{"href":"https:\/\/www.gamateks.com\/tr\/wp-json\/wp\/v2\/media?parent=98"}],"curies":[{"name":"wp","href":"https:\/\/api.w.org\/{rel}","templated":true}]}}